{"id":149092,"date":"2025-11-01T14:05:36","date_gmt":"2025-11-01T13:05:36","guid":{"rendered":"https:\/\/test.redpipi.com\/?post_type=product&#038;p=149092"},"modified":"2026-04-22T06:29:00","modified_gmt":"2026-04-22T05:29:00","slug":"rainbow-wawe-metalic-dilator-13cm","status":"publish","type":"product","link":"https:\/\/test.redpipi.com\/hu\/termek\/rainbow-wawe-metalic-dilator-13cm\/","title":{"rendered":"Sziv\u00e1rv\u00e1ny Wawe f\u00e9m t\u00e1g\u00edt\u00f3 13cm"},"content":{"rendered":"<p class=\"western\" style=\"text-align: justify;\">A t\u00e1g\u00edt\u00f3 tele van \u00e9s fokozatosan t\u00e1gul.<\/p>\n<p>Nagyon intenz\u00edv \u00e9rz\u00e9s az egyes bev\u00e1g\u00e1soknak a h\u00fagycs\u0151be val\u00f3 behelyez\u00e9sekor.<\/p>\n<p>A h\u00fagycs\u0151t\u00e1g\u00edt\u00f3 v\u00e9ge a piercing benyom\u00e1s\u00e1t kelti, megakad\u00e1lyozza a beragad\u00e1st, \u00e9s stimul\u00e1lja a m\u00e1sik partnert is.<\/p>\n<p><strong>5 \u00e9v garancia<\/strong><\/p>\n<p>Jde o relativn\u011b drah\u00fd dilator, ale kvalita zpracov\u00e1n\u00ed, povrchov\u00e9 \u00fapravy a designu tomu odpov\u00edd\u00e1.<\/p>\n<p>&nbsp;<\/p>\n<h2>V\u00e1ltozatok:<\/h2>\n<p>hossza 13cm, \u00e1tm\u00e9r\u0151je:<\/p>\n<p>S 5-8 mm, 31 g - egyik oldala z\u00f6ld, m\u00e1sik oldala r\u00f3zsasz\u00edn-lila<\/p>\n<p>M 7-10 mm, 54 g - egyik oldala z\u00f6ld, m\u00e1sik oldala r\u00f3zsasz\u00edn-lila<\/p>\n<p>L 8-11 mm, 71 g - egyik oldala z\u00f6ld, m\u00e1sik oldala r\u00f3zsasz\u00edn-lila<\/p>\n<p>D 8-11 mm, 71 g - egyik oldala z\u00f6ld, m\u00e1sik oldala t\u00fcrkizk\u00e9k<\/p>\n<p>Anyag: rozsdamentes ac\u00e9l<\/p>\n<p>Gy\u00e1rt\u00f3, <a href=\"https:\/\/test.redpipi.com\/hu\/uretalni-hratky-zavadeni-do-mocove-trubice-naplnovani-mocoveho-mechyre\/\">l\u00e1sd m\u00e9g <\/a><a href=\"https:\/\/test.redpipi.com\/hu\/uretalni-hratky\/\">h\u00fagycs\u0151j\u00e1t\u00e9k<\/a><\/p>","protected":false},"excerpt":{"rendered":"<p>T\u00e1g\u00edt\u00f3 f\u00e9mes sz\u00edn\u0171<\/p>","protected":false},"featured_media":149097,"comment_status":"open","ping_status":"closed","template":"","meta":[],"product_brand":[],"product_cat":[62],"product_tag":[],"class_list":{"0":"post-149092","1":"product","2":"type-product","3":"status-publish","4":"has-post-thumbnail","6":"product_cat-uretalni-dilatory","7":"pa_brand-funny-steel","8":"pa_material-metal","9":"pa_size-d","10":"pa_size-l","11":"pa_size-m","12":"pa_size-s","13":"pa_special-5y-warranty","15":"first","16":"instock","17":"sale","18":"shipping-taxable","19":"purchasable","20":"product-type-variable"},"_links":{"self":[{"href":"https:\/\/test.redpipi.com\/hu\/wp-json\/wp\/v2\/product\/149092","targetHints":{"allow":["GET"]}}],"collection":[{"href":"https:\/\/test.redpipi.com\/hu\/wp-json\/wp\/v2\/product"}],"about":[{"href":"https:\/\/test.redpipi.com\/hu\/wp-json\/wp\/v2\/types\/product"}],"replies":[{"embeddable":true,"href":"https:\/\/test.redpipi.com\/hu\/wp-json\/wp\/v2\/comments?post=149092"}],"wp:featuredmedia":[{"embeddable":true,"href":"https:\/\/test.redpipi.com\/hu\/wp-json\/wp\/v2\/media\/149097"}],"wp:attachment":[{"href":"https:\/\/test.redpipi.com\/hu\/wp-json\/wp\/v2\/media?parent=149092"}],"wp:term":[{"taxonomy":"product_brand","embeddable":true,"href":"https:\/\/test.redpipi.com\/hu\/wp-json\/wp\/v2\/product_brand?post=149092"},{"taxonomy":"product_cat","embeddable":true,"href":"https:\/\/test.redpipi.com\/hu\/wp-json\/wp\/v2\/product_cat?post=149092"},{"taxonomy":"product_tag","embeddable":true,"href":"https:\/\/test.redpipi.com\/hu\/wp-json\/wp\/v2\/product_tag?post=149092"}],"curies":[{"name":"wp","href":"https:\/\/api.w.org\/{rel}","templated":true}]}}