{"id":149053,"date":"2025-11-03T13:11:56","date_gmt":"2025-11-03T12:11:56","guid":{"rendered":"https:\/\/test.redpipi.com\/?post_type=product&#038;p=149053"},"modified":"2026-04-21T11:06:03","modified_gmt":"2026-04-21T10:06:03","slug":"roztomilous-svitici-dildo","status":"publish","type":"product","link":"https:\/\/test.redpipi.com\/hu\/termek\/roztomilous-svitici-dildo\/","title":{"rendered":"Aranyos Light-up Dildo 18 * 5,5cm Faak AW13"},"content":{"rendered":"<p>Cuki lumineszcens dild\u00f3<\/p>\n<p>&nbsp;<\/p>\n<h2>A Cute tesztel\u00e9s\u00e9b\u0151l<\/h2>\n<p>+ T\u00f6bbszint\u0171 dild\u00f3 b\u0151v\u00edt\u00e9s az intenz\u00edvebb szexu\u00e1lis \u00e9lm\u00e9ny \u00e9s izgalom \u00e9rdek\u00e9ben. Alkalmas egy k\u00e9ts\u00e9gbeesett edz\u00e9sre \u00e9s intenz\u00edv egyszerre.<\/p>\n<p>+ A tapad\u00f3korong kiemelked\u00e9sek a csikl\u00f3t izgatj\u00e1k<\/p>\n<p>+ Val\u00f3s\u00e1gh\u0171en kialak\u00edtott h\u00fagycs\u0151bemenet.<\/p>\n<p>+ A lumineszcencia \u00e9s a sz\u00ednek nagyszer\u0171ek.<\/p>\n<p>+ Lefel\u00e9 tapad\u00f3korong<\/p>\n<p><strong>\u00a0+5 \u00e9v garancia<\/strong><\/p>\n<p>K\u00f6vetkeztet\u00e9s: ez lesz a kedvencem. Sz\u00e9p \u00e9des aj\u00e1nd\u00e9k egy bar\u00e1tn\u0151nek, aki f\u00e9l a szexu\u00e1lis j\u00e1t\u00e9kokt\u00f3l.<\/p>\n<p>&nbsp;<\/p>\n<p>&nbsp;<\/p>\n<h2>Lumineszcens dild\u00f3k<\/h2>\n<p>A dild\u00f3 15 \u00e9ven kereszt\u00fcl t\u00f6bbsz\u00f6r is megvil\u00e1g\u00edthat\u00f3 nappali vagy mesters\u00e9ges f\u00e9nnyel. A dild\u00f3 a f\u00e9ny intenzit\u00e1s\u00e1t\u00f3l f\u00fcgg\u0151en ak\u00e1r 5 \u00f3r\u00e1n kereszt\u00fcl foszforeszk\u00e1l.<\/p>\n<p>A dilda lumineszcencia cs\u00f6kken\u00e9se az id\u0151 m\u00fal\u00e1s\u00e1val, ha s\u00f6t\u00e9tben helyezik el:<\/p>\n<p>30 perc eltelt\u00e9vel az 50%-n\u00e9l<\/p>\n<p>1 \u00f3ra eltelt\u00e9vel a 25%-n\u00e9l<\/p>\n<p>2 \u00f3ra eltelt\u00e9vel 12,5%-n\u00e9l<\/p>\n<p>4 \u00f3ra eltelt\u00e9vel 10%<\/p>\n<p>Megjegyz\u00e9s: <strong>Fluoreszk\u00e1l\u00f3, vil\u00e1g\u00edt\u00f3, foszforeszk\u00e1l\u00f3, izz\u00f3 \u00e9s f\u00e9nyl\u0151<\/strong> ugyanazt jelenti a mi le\u00edr\u00e1sainkban.<\/p>\n<h2><\/h2>\n<p>K\u00edv\u00e1ncsi vagyok, hogy Deeple hogyan ford\u00edtja majd le Sweetcute-ot :)))<\/p>\n<p>&nbsp;<\/p>\n<h2>M\u0171szaki jellemz\u0151k<\/h2>\n<p>hossza 18cm, \u00e1tm\u00e9r\u0151je a sz\u00edv\u00f3cs\u0151 (bulbus) felett 5,5cm, a makk alatt 4,5cm<\/p>\n<p><a href=\"\/hu\/mekke-dilda-mekkost-dild\/\">puhas\u00e1g<\/a>: 16 H0 (%)<\/p>\n<p>Anyag: <a href=\"https:\/\/test.redpipi.com\/hu\/sex-toys-materials\/\">foly\u00e9kony szilikon<\/a>, gy\u00e1rt\u00f3 Faak, CE tan\u00fas\u00edtv\u00e1nnyal, YC-2143 AW13<\/p>\n<p>s\u00faly: 355g<\/p>\n<p>Teljes sz\u00edn\u0171 szilikon. Nem fel\u00fcleti fest\u00e9s. A fest\u00e9ket nem lehet lemosni vagy led\u00f6rzs\u00f6lni.<\/p>\n<h2>Sz\u00ednek<\/h2>\n<p>Teljes sz\u00edn\u0171 szilikon. Nem fel\u00fcleti fest\u00e9s. A fest\u00e9ket nem lehet lemosni vagy led\u00f6rzs\u00f6lni.<\/p>\n<p>A dild\u00f3k sz\u00ednei gazdagok, \u00e9leth\u0171ek. A sz\u00ednek alapvet\u0151en ott maradnak, ahov\u00e1 sz\u00e1nt\u00e1k \u0151ket, de kiss\u00e9 elt\u00e9rhetnek. P\u00e9ld\u00e1ul valahol ugyanazon term\u00e9k kever\u00e9se sor\u00e1n az egyik sz\u00ednb\u0151l egy kicsit t\u00f6bb ker\u00fcl a felsz\u00ednre egy m\u00e1sik sz\u00edn rov\u00e1s\u00e1ra. Azonban minden ilyen technol\u00f3gi\u00e1val k\u00e9sz\u00fclt dild\u00f3 nagyon j\u00f3l n\u00e9z ki.<\/p>","protected":false},"excerpt":{"rendered":"<p>Aranyos izz\u00f3 dild\u00f3<\/p>","protected":false},"featured_media":149054,"comment_status":"open","ping_status":"closed","template":"","meta":[],"product_brand":[],"product_cat":[643],"product_tag":[],"class_list":{"0":"post-149053","1":"product","2":"type-product","3":"status-publish","4":"has-post-thumbnail","6":"product_cat-zvireci-fantasy-dilda","7":"pa_brand-faak","8":"pa_diametr-41-50mm","9":"pa_hardness-mekke-jako-sval-10-20hc","10":"pa_material-silicone-liquid","11":"pa_special-5y-warranty","12":"pa_special-luminescence","14":"first","15":"instock","16":"shipping-taxable","17":"purchasable","18":"product-type-simple"},"_links":{"self":[{"href":"https:\/\/test.redpipi.com\/hu\/wp-json\/wp\/v2\/product\/149053","targetHints":{"allow":["GET"]}}],"collection":[{"href":"https:\/\/test.redpipi.com\/hu\/wp-json\/wp\/v2\/product"}],"about":[{"href":"https:\/\/test.redpipi.com\/hu\/wp-json\/wp\/v2\/types\/product"}],"replies":[{"embeddable":true,"href":"https:\/\/test.redpipi.com\/hu\/wp-json\/wp\/v2\/comments?post=149053"}],"wp:featuredmedia":[{"embeddable":true,"href":"https:\/\/test.redpipi.com\/hu\/wp-json\/wp\/v2\/media\/149054"}],"wp:attachment":[{"href":"https:\/\/test.redpipi.com\/hu\/wp-json\/wp\/v2\/media?parent=149053"}],"wp:term":[{"taxonomy":"product_brand","embeddable":true,"href":"https:\/\/test.redpipi.com\/hu\/wp-json\/wp\/v2\/product_brand?post=149053"},{"taxonomy":"product_cat","embeddable":true,"href":"https:\/\/test.redpipi.com\/hu\/wp-json\/wp\/v2\/product_cat?post=149053"},{"taxonomy":"product_tag","embeddable":true,"href":"https:\/\/test.redpipi.com\/hu\/wp-json\/wp\/v2\/product_tag?post=149053"}],"curies":[{"name":"wp","href":"https:\/\/api.w.org\/{rel}","templated":true}]}}