{"id":148996,"date":"2025-10-28T12:06:12","date_gmt":"2025-10-28T11:06:12","guid":{"rendered":"https:\/\/test.redpipi.com\/?post_type=product&#038;p=148996"},"modified":"2026-03-26T16:17:20","modified_gmt":"2026-03-26T15:17:20","slug":"dlouhy-kovovovy-analni-kolik-br3-rainbow","status":"publish","type":"product","link":"https:\/\/test.redpipi.com\/hu\/termek\/dlouhy-kovovovy-analni-kolik-br3-rainbow\/","title":{"rendered":"Hossz\u00fa f\u00e9m an\u00e1lis dug\u00f3 14*2,6cm BR3 Rainbow"},"content":{"rendered":"<p class=\"western\" style=\"text-align: justify;\">Hossz\u00fa f\u00e9m an\u00e1ldug\u00f3 minden segglyukhoz<\/p>\n<p class=\"western\" style=\"text-align: justify;\">\u00c1tm\u00e9r\u0151je 3,5 cm (a k\u0151 k\u00f6r\u00fcl), 2,6 cm (legnagyobb g\u00f6mb), hossza 14 cm.<\/p>\n<p>&nbsp;<\/p>\n<p>5 \u00e9v garancia<\/p>\n<h2>V\u00e1ltozatok<\/h2>\n<p>R\u00f3zsasz\u00edn<\/p>\n<p>\u00fcveg (\u00e1tl\u00e1tsz\u00f3)<\/p>\n<p>Red<\/p>\n<p>z\u00f6ld (sz\u00f6rny\u0171)<\/p>\n<p>&nbsp;<\/p>\n<p class=\"western\">Gy\u00e1rt\u00f3 Funny Steel, sorozatsz\u00e1m: AP-AL-3BR<\/p>\n<p class=\"western\">cink\u00f6tv\u00f6zet, kr\u00f3m, s\u00faly 106g<\/p>","protected":false},"excerpt":{"rendered":"<p>Hossz\u00fa an\u00e1lis dug\u00f3 f\u00e9m<\/p>","protected":false},"featured_media":149005,"comment_status":"open","ping_status":"closed","template":"","meta":[],"product_brand":[],"product_cat":[25,595],"product_tag":[],"class_list":{"0":"post-148996","1":"product","2":"type-product","3":"status-publish","4":"has-post-thumbnail","6":"product_cat-analni-koliky","7":"product_cat-vyprodej","8":"pa_brand-funny-steel","9":"pa_color-red","10":"pa_color-pink","11":"pa_color-sklenena","12":"pa_color-zelena","13":"pa_diametr-31-40mm","14":"pa_hardness-velmi-tvrde","15":"pa_material-silicone","17":"first","18":"instock","19":"sale","20":"shipping-taxable","21":"purchasable","22":"product-type-variable"},"_links":{"self":[{"href":"https:\/\/test.redpipi.com\/hu\/wp-json\/wp\/v2\/product\/148996","targetHints":{"allow":["GET"]}}],"collection":[{"href":"https:\/\/test.redpipi.com\/hu\/wp-json\/wp\/v2\/product"}],"about":[{"href":"https:\/\/test.redpipi.com\/hu\/wp-json\/wp\/v2\/types\/product"}],"replies":[{"embeddable":true,"href":"https:\/\/test.redpipi.com\/hu\/wp-json\/wp\/v2\/comments?post=148996"}],"wp:featuredmedia":[{"embeddable":true,"href":"https:\/\/test.redpipi.com\/hu\/wp-json\/wp\/v2\/media\/149005"}],"wp:attachment":[{"href":"https:\/\/test.redpipi.com\/hu\/wp-json\/wp\/v2\/media?parent=148996"}],"wp:term":[{"taxonomy":"product_brand","embeddable":true,"href":"https:\/\/test.redpipi.com\/hu\/wp-json\/wp\/v2\/product_brand?post=148996"},{"taxonomy":"product_cat","embeddable":true,"href":"https:\/\/test.redpipi.com\/hu\/wp-json\/wp\/v2\/product_cat?post=148996"},{"taxonomy":"product_tag","embeddable":true,"href":"https:\/\/test.redpipi.com\/hu\/wp-json\/wp\/v2\/product_tag?post=148996"}],"curies":[{"name":"wp","href":"https:\/\/api.w.org\/{rel}","templated":true}]}}