{"id":148988,"date":"2025-10-28T11:08:52","date_gmt":"2025-10-28T10:08:52","guid":{"rendered":"https:\/\/test.redpipi.com\/?post_type=product&#038;p=148988"},"modified":"2026-02-26T21:33:27","modified_gmt":"2026-02-26T20:33:27","slug":"kovovovy-analni-kolik-silny-vroubky-al012l","status":"publish","type":"product","link":"https:\/\/test.redpipi.com\/hu\/termek\/kovovovy-analni-kolik-silny-vroubky-al012l\/","title":{"rendered":"F\u00e9m an\u00e1lis dug\u00f3 vastag - rov\u00e1tk\u00e1k 10 * 3,8cm AL012L"},"content":{"rendered":"<p class=\"western\" style=\"text-align: justify;\">Hossz\u00fa f\u00e9m an\u00e1ldug\u00f3 minden segglyukhoz<\/p>\n<p class=\"western\" style=\"text-align: justify;\">\u00c1tm\u00e9r\u0151je 3,8 cm, hossza 10,2 cm (a k\u0151 \u00e1tm\u00e9r\u0151je f\u00e9mszeg\u00e9ly n\u00e9lk\u00fcl 2,7 cm).<\/p>\n<p>&nbsp;<\/p>\n<p>5 \u00e9v garancia<\/p>\n<h2>V\u00e1ltozatok<\/h2>\n<p>R\u00f3zsasz\u00edn<\/p>\n<p>vil\u00e1gosk\u00e9k<\/p>\n<p>Red<\/p>\n<p>&nbsp;<\/p>\n<p class=\"western\">Gy\u00e1rt\u00f3 Funny Steel, sorozatsz\u00e1m AP-AL012-L<\/p>\n<p class=\"western\">cink\u00f6tv\u00f6zet, kr\u00f3m, s\u00faly 170g<\/p>","protected":false},"excerpt":{"rendered":"<p>An\u00e1lis f\u00e9m b\u00fctyk\u00f6s csap vastag<\/p>","protected":false},"featured_media":149001,"comment_status":"open","ping_status":"closed","template":"","meta":[],"product_brand":[],"product_cat":[25],"product_tag":[],"class_list":{"0":"post-148988","1":"product","2":"type-product","3":"status-publish","4":"has-post-thumbnail","6":"product_cat-analni-koliky","7":"pa_brand-funny-steel","8":"pa_color-red","9":"pa_color-blue","10":"pa_color-pink","11":"pa_diametr-31-40mm","12":"pa_hardness-velmi-tvrde","13":"pa_material-silicone","15":"first","16":"instock","17":"shipping-taxable","18":"purchasable","19":"product-type-variable"},"_links":{"self":[{"href":"https:\/\/test.redpipi.com\/hu\/wp-json\/wp\/v2\/product\/148988","targetHints":{"allow":["GET"]}}],"collection":[{"href":"https:\/\/test.redpipi.com\/hu\/wp-json\/wp\/v2\/product"}],"about":[{"href":"https:\/\/test.redpipi.com\/hu\/wp-json\/wp\/v2\/types\/product"}],"replies":[{"embeddable":true,"href":"https:\/\/test.redpipi.com\/hu\/wp-json\/wp\/v2\/comments?post=148988"}],"wp:featuredmedia":[{"embeddable":true,"href":"https:\/\/test.redpipi.com\/hu\/wp-json\/wp\/v2\/media\/149001"}],"wp:attachment":[{"href":"https:\/\/test.redpipi.com\/hu\/wp-json\/wp\/v2\/media?parent=148988"}],"wp:term":[{"taxonomy":"product_brand","embeddable":true,"href":"https:\/\/test.redpipi.com\/hu\/wp-json\/wp\/v2\/product_brand?post=148988"},{"taxonomy":"product_cat","embeddable":true,"href":"https:\/\/test.redpipi.com\/hu\/wp-json\/wp\/v2\/product_cat?post=148988"},{"taxonomy":"product_tag","embeddable":true,"href":"https:\/\/test.redpipi.com\/hu\/wp-json\/wp\/v2\/product_tag?post=148988"}],"curies":[{"name":"wp","href":"https:\/\/api.w.org\/{rel}","templated":true}]}}