{"id":148977,"date":"2025-10-30T10:45:28","date_gmt":"2025-10-30T09:45:28","guid":{"rendered":"https:\/\/test.redpipi.com\/?post_type=product&#038;p=148977"},"modified":"2026-04-11T21:09:13","modified_gmt":"2026-04-11T20:09:13","slug":"kovovovy-analni-kolik-dlouhyal014l","status":"publish","type":"product","link":"https:\/\/test.redpipi.com\/hu\/termek\/kovovovy-analni-kolik-dlouhyal014l\/","title":{"rendered":"Hossz\u00fa f\u00e9m an\u00e1lis dug\u00f3 14,2*3,3cm AL014L"},"content":{"rendered":"<p class=\"western\" style=\"text-align: justify;\">Hossz\u00fa f\u00e9m an\u00e1ldug\u00f3 minden segglyukhoz<\/p>\n<p class=\"western\" style=\"text-align: justify;\">\u00c1tm\u00e9r\u0151 3,5 cm (a k\u0151 k\u00f6r\u00fcl), 3,3 cm (legnagyobb g\u00f6mb), hossza 14,2 cm.<\/p>\n<p>Irrit\u00e1l\u00f3 fokozatos b\u0151v\u00fcl\u00e9s<\/p>\n<p>&nbsp;<\/p>\n<p>5 \u00e9v garancia<\/p>\n<h2>V\u00e1ltozatok<\/h2>\n<p>R\u00f3zsasz\u00edn<\/p>\n<p>f\u00e9nyek k\u00e9k<\/p>\n<p>Red<\/p>\n<p>&nbsp;<\/p>\n<p class=\"western\">Gy\u00e1rt\u00f3 Funny Steel, sorozatsz\u00e1m: AP-AL014<\/p>\n<p class=\"western\">cink\u00f6tv\u00f6zet, kr\u00f3m, s\u00faly 170g<\/p>","protected":false},"excerpt":{"rendered":"<p>Hossz\u00fa an\u00e1lis dug\u00f3<\/p>","protected":false},"featured_media":148982,"comment_status":"open","ping_status":"closed","template":"","meta":[],"product_brand":[],"product_cat":[25],"product_tag":[],"class_list":{"0":"post-148977","1":"product","2":"type-product","3":"status-publish","4":"has-post-thumbnail","6":"product_cat-analni-koliky","7":"pa_brand-funny-steel","8":"pa_color-red","9":"pa_color-blue","10":"pa_color-pink","11":"pa_diametr-31-40mm","12":"pa_hardness-velmi-tvrde","13":"pa_material-silicone","15":"first","16":"instock","17":"shipping-taxable","18":"purchasable","19":"product-type-variable"},"_links":{"self":[{"href":"https:\/\/test.redpipi.com\/hu\/wp-json\/wp\/v2\/product\/148977","targetHints":{"allow":["GET"]}}],"collection":[{"href":"https:\/\/test.redpipi.com\/hu\/wp-json\/wp\/v2\/product"}],"about":[{"href":"https:\/\/test.redpipi.com\/hu\/wp-json\/wp\/v2\/types\/product"}],"replies":[{"embeddable":true,"href":"https:\/\/test.redpipi.com\/hu\/wp-json\/wp\/v2\/comments?post=148977"}],"wp:featuredmedia":[{"embeddable":true,"href":"https:\/\/test.redpipi.com\/hu\/wp-json\/wp\/v2\/media\/148982"}],"wp:attachment":[{"href":"https:\/\/test.redpipi.com\/hu\/wp-json\/wp\/v2\/media?parent=148977"}],"wp:term":[{"taxonomy":"product_brand","embeddable":true,"href":"https:\/\/test.redpipi.com\/hu\/wp-json\/wp\/v2\/product_brand?post=148977"},{"taxonomy":"product_cat","embeddable":true,"href":"https:\/\/test.redpipi.com\/hu\/wp-json\/wp\/v2\/product_cat?post=148977"},{"taxonomy":"product_tag","embeddable":true,"href":"https:\/\/test.redpipi.com\/hu\/wp-json\/wp\/v2\/product_tag?post=148977"}],"curies":[{"name":"wp","href":"https:\/\/api.w.org\/{rel}","templated":true}]}}