{"id":148771,"date":"2025-10-14T10:57:01","date_gmt":"2025-10-14T09:57:01","guid":{"rendered":"https:\/\/test.redpipi.com\/?post_type=product&#038;p=148771"},"modified":"2025-12-08T13:49:28","modified_gmt":"2025-12-08T12:49:28","slug":"girly-dildo-kmg","status":"publish","type":"product","link":"https:\/\/test.redpipi.com\/hu\/termek\/girly-dildo-kmg\/","title":{"rendered":"L\u00e1nyos dild\u00f3 KMG"},"content":{"rendered":"<p>Kisebb \u00e9s k\u00f6zepes m\u00e9ret\u0171 dild\u00f3 l\u00e1nyos sz\u00ednekben.<\/p>\n<p>A sz\u00ednek tart\u00f3sak \u00e9s kit\u00f6r\u00f6lhetetlenek<\/p>\n<p>Er\u0151s tapad\u00f3korong<\/p>\n<p>&nbsp;<\/p>\n<h2>V\u00e1ltozatok<\/h2>\n<p>A - sz\u00edvek 17,5 cm hossz\u00fa * 3,6 cm \u00e1tm\u00e9r\u0151j\u0171 a tapad\u00f3korong felett, 213 g, <a href=\"https:\/\/test.redpipi.com\/hu\/sex-toys-materials\/\">foly\u00e9kony szilikon<\/a>, DO-004-L rendel\u00e9si sz\u00e1m R\u00f3zsasz\u00edn sz\u00edvecske sz\u00edvecske<\/p>\n<p>B - \"Fuck me\" 19,5 cm hossz\u00fa * 4,2 cm \u00e1tm\u00e9r\u0151j\u0171 a tapad\u00f3korong felett, 265 g, cikksz\u00e1m: DO-098-FUCK ME<\/p>\n<p>&nbsp;<\/p>\n<h2>A Redpipi tesztel\u00e9s\u00e9t\u0151l<\/h2>\n<p>Pozit\u00edv: egy TPR g\u00e9l anyaghoz k\u00e9pest m\u00e9g mindig tisztess\u00e9gesen puha. Kicsit jobb l\u00e1gys\u00e1g, mint a piaci szabv\u00e1ny.<\/p>\n<p>Negat\u00edvum: Az \u00e1tl\u00e1tsz\u00f3s\u00e1g n\u00e9h\u00e1ny haszn\u00e1lat \u00e9s mos\u00e1s ut\u00e1n kifakul, de ez sajnos az anyag tulajdons\u00e1ga, nem pedig hiba.<\/p>\n<h2>M\u0171szaki jellemz\u0151k<\/h2>\n<p class=\"western\" style=\"text-align: justify;\">Szagtalan<\/p>\n<p><span class=\"product-sku\"><a href=\"\/hu\/mekke-dilda-mekkost-dild\/\">a dild\u00f3 kem\u00e9nys\u00e9ge:<\/a> 30 H0, k\u00f6zepesen kem\u00e9ny \/piaci standard<\/span><\/p>\n<p class=\"western\" style=\"text-align: justify;\">(puha), CE min\u0151s\u00edt\u00e9s<\/p>\n<p>Producer: Kaomei, KMG<\/p>\n<h2>Utas\u00edt\u00e1sok<\/h2>\n<p>V\u00edzb\u00e1zis\u00fa g\u00e9lekkel haszn\u00e1lhat\u00f3. T\u00e1rolja m\u0171anyag zacsk\u00f3ban a hosszabb tisztas\u00e1g \u00e9rdek\u00e9ben.<\/p>","protected":false},"excerpt":{"rendered":"<p>Szilikon \u00e9s g\u00e9l vibr\u00e1tor l\u00e1nyos sz\u00ednekben<\/p>","protected":false},"featured_media":148793,"comment_status":"open","ping_status":"closed","template":"","meta":[],"product_brand":[],"product_cat":[642],"product_tag":[],"class_list":{"0":"post-148771","1":"product","2":"type-product","3":"status-publish","4":"has-post-thumbnail","6":"product_cat-mekke-dilda","7":"pa_brand-kaomei-global","8":"pa_diametr-31-40mm","9":"pa_diametr-41-50mm","10":"pa_hardness-20-30hc","11":"pa_material-silicone","12":"pa_material-tpr","14":"first","15":"instock","16":"shipping-taxable","17":"purchasable","18":"product-type-variable"},"_links":{"self":[{"href":"https:\/\/test.redpipi.com\/hu\/wp-json\/wp\/v2\/product\/148771","targetHints":{"allow":["GET"]}}],"collection":[{"href":"https:\/\/test.redpipi.com\/hu\/wp-json\/wp\/v2\/product"}],"about":[{"href":"https:\/\/test.redpipi.com\/hu\/wp-json\/wp\/v2\/types\/product"}],"replies":[{"embeddable":true,"href":"https:\/\/test.redpipi.com\/hu\/wp-json\/wp\/v2\/comments?post=148771"}],"wp:featuredmedia":[{"embeddable":true,"href":"https:\/\/test.redpipi.com\/hu\/wp-json\/wp\/v2\/media\/148793"}],"wp:attachment":[{"href":"https:\/\/test.redpipi.com\/hu\/wp-json\/wp\/v2\/media?parent=148771"}],"wp:term":[{"taxonomy":"product_brand","embeddable":true,"href":"https:\/\/test.redpipi.com\/hu\/wp-json\/wp\/v2\/product_brand?post=148771"},{"taxonomy":"product_cat","embeddable":true,"href":"https:\/\/test.redpipi.com\/hu\/wp-json\/wp\/v2\/product_cat?post=148771"},{"taxonomy":"product_tag","embeddable":true,"href":"https:\/\/test.redpipi.com\/hu\/wp-json\/wp\/v2\/product_tag?post=148771"}],"curies":[{"name":"wp","href":"https:\/\/api.w.org\/{rel}","templated":true}]}}