{"id":148634,"date":"2025-10-31T08:44:06","date_gmt":"2025-10-31T07:44:06","guid":{"rendered":"https:\/\/test.redpipi.com\/?post_type=product&#038;p=148634"},"modified":"2026-04-21T21:11:56","modified_gmt":"2026-04-21T20:11:56","slug":"nafukovaci-strikaci-dildo-maniac","status":"publish","type":"product","link":"https:\/\/test.redpipi.com\/hu\/termek\/nafukovaci-strikaci-dildo-maniac\/","title":{"rendered":"Maniac Felf\u00fajhat\u00f3 spray vibr\u00e1tor 20 x 5 - 9,5 cm Faak 5014"},"content":{"rendered":"<p>A felf\u00fajhat\u00f3 \u00e9s spriccel\u0151 dild\u00f3 felf\u00faj\u00e1skor megn\u0151 az \u00e1tm\u00e9r\u0151je (l\u00e1sd al\u00e1bb), \u00e9s lehet\u0151v\u00e9 teszi, hogy megtapasztalja a h\u00fcvely\u00e9be, v\u00e9gb\u00e9lny\u00edl\u00e1s\u00e1ba vagy sz\u00e1j\u00e1ba l\u0151tt p\u00e9nisz \u00e9rz\u00e9s\u00e9t.<\/p>\n<p>vide\u00f3 <a href=\"\/wp-content\/uploads\/2025\/09\/maniac-inflatable-squirt-dildo-CQZS501-4-Faak-12.mp4\">Cesar felf\u00fajhat\u00f3 \u00e9s squirting Dildo<\/a> 3MB<\/p>\n<p>&nbsp;<\/p>\n<h2>A felf\u00fajhat\u00f3 vibr\u00e1tor tesztel\u00e9se<\/h2>\n<p>+ A felf\u00faj\u00e1s fokozza a felhaszn\u00e1l\u00f3ban az al\u00e1rendelts\u00e9g \u00e9rz\u00e9s\u00e9t, a megfigyel\u0151ben pedig a dominancia \u00e9rz\u00e9s\u00e9t.<\/p>\n<p>+ Az injekci\u00f3 bels\u0151 cs\u00f6ve vagy az \u00f6nt\u00f6z\u0151ballon is haszn\u00e1lhat\u00f3 arra, hogy k\u00f6nnyen spricceljen vizet, ken\u0151anyagot vagy m\u00e1s folyad\u00e9kot a dild\u00f3n kereszt\u00fcl.<\/p>\n<p>+ K\u00f6zel az ide\u00e1lis puhas\u00e1ghoz.<\/p>\n<p>A t\u00f6ml\u0151 nem csom\u00f3sodik \u00e9s puha is. Hossz\u00fa ideig tart.<\/p>\n<p>+ \u00daj 2025-re. Val\u00f3s\u00e1gh\u0171 felf\u00fajhat\u00f3 spriccel\u0151 dild\u00f3 a piacon eddig.<\/p>\n<p>- A dild\u00f3 csak a her\u00e9k feletti alj\u00e1n f\u00faj\u00f3dik fel. Felf\u00faj\u00e1skor hajlamos kics\u00faszni, \u00e9s teljesen be kell h\u00fazni, s\u0151t a felf\u00faj\u00e1s kezdet\u00e9n el\u0151 kell f\u00fajni, hogy a h\u00fcvelyben vagy a v\u00e9gb\u00e9lny\u00edl\u00e1sban tartsa mag\u00e1t.<\/p>\n<p>-Magas \u00e1r.<\/p>\n<p><strong>K\u00f6vetkeztet\u00e9s:<\/strong> A legjobb multifunkci\u00f3s, felf\u00fajhat\u00f3, spriccel\u0151 dild\u00f3. A magas \u00e1r azonban v\u00e9lem\u00e9ny\u00fcnk szerint nem teljesen felel meg a hozz\u00e1adott \u00e9rt\u00e9knek.<\/p>\n<p>&nbsp;<\/p>\n<h2>M\u0171szaki jellemz\u0151k \u00e9s gy\u00e1rt\u00f3:<\/h2>\n<p>M\u00e9retek: 20cm x 5cm, \u00e1tm\u00e9r\u0151 9cm felf\u00fajt \u00e1llapotban<\/p>\n<p><a href=\"\/hu\/mekke-dilda-mekkost-dild\/\">a vibr\u00e1tor puhas\u00e1ga<\/a>: 12 Ho (%), ide\u00e1lis - \u00f6sszeh\u00faz\u00f3dik \u00e9s megny\u00falik a testben, mik\u00f6zben massz\u00edrozza a bels\u0151 sz\u00f6veteket.<\/p>\n<p>Anyag: <a href=\"https:\/\/test.redpipi.com\/hu\/sex-toys-materials\/\">foly\u00e9kony szilikon<\/a><\/p>\n<p>S\u00faly: 635g<\/p>\n<p>Gy\u00e1rt\u00f3: Faak CE tan\u00fas\u00edt\u00e1s, sorozatsz\u00e1m ADLCQZS501 4<\/p>\n<p>&nbsp;<\/p>\n<h2>Sz\u00ednek<\/h2>\n<p>Teljes sz\u00edn\u0171 szilikon. Nem fel\u00fcleti fest\u00e9s. A fest\u00e9ket nem lehet lemosni vagy led\u00f6rzs\u00f6lni. A sz\u00ednek gazdagok, \u00e9leth\u0171ek. A sz\u00edneloszl\u00e1s \u00e9s a sz\u00ednar\u00e1ny kiss\u00e9 elt\u00e9rhet.<\/p>\n<p>&nbsp;<\/p>\n<h2>Utas\u00edt\u00e1sok<\/h2>\n<p>Ford\u00edtsa a szelepet balra. F\u00fajja fel. Maximum 15 felf\u00faj\u00e1s. Korl\u00e1tozza, ha \u00fagy \u00e9rzi, hogy a l\u00e9gg\u00f6mb m\u00e1r nem f\u00faj\u00f3dik tov\u00e1bb. A leereszt\u00e9shez ford\u00edtsa a szelepet jobbra.<\/p>\n<p>Ha a v\u00edzt\u0151l elt\u00e9r\u0151 folyad\u00e9kot haszn\u00e1l, haszn\u00e1lat ut\u00e1n a folyad\u00e9kt\u00f6ml\u0151t megfelel\u0151en \u00f6bl\u00edtse \u00e1t v\u00edzzel.<\/p>","protected":false},"excerpt":{"rendered":"<p>A legjobb multifunkci\u00f3s, felf\u00fajhat\u00f3, spriccel\u0151 dild\u00f3.<\/p>","protected":false},"featured_media":148636,"comment_status":"open","ping_status":"closed","template":"","meta":[],"product_brand":[],"product_cat":[642],"product_tag":[],"class_list":{"0":"post-148634","1":"product","2":"type-product","3":"status-publish","4":"has-post-thumbnail","6":"product_cat-mekke-dilda","7":"pa_brand-faak","8":"pa_diametr-51-60mm","9":"pa_diametr-61-120mm","10":"pa_hardness-mekke-jako-sval-10-20hc","11":"pa_material-silicone-liquid","12":"pa_special-5y-warranty","13":"pa_special-jine","14":"pa_special-waterresist","16":"first","17":"instock","18":"shipping-taxable","19":"purchasable","20":"product-type-simple"},"_links":{"self":[{"href":"https:\/\/test.redpipi.com\/hu\/wp-json\/wp\/v2\/product\/148634","targetHints":{"allow":["GET"]}}],"collection":[{"href":"https:\/\/test.redpipi.com\/hu\/wp-json\/wp\/v2\/product"}],"about":[{"href":"https:\/\/test.redpipi.com\/hu\/wp-json\/wp\/v2\/types\/product"}],"replies":[{"embeddable":true,"href":"https:\/\/test.redpipi.com\/hu\/wp-json\/wp\/v2\/comments?post=148634"}],"wp:featuredmedia":[{"embeddable":true,"href":"https:\/\/test.redpipi.com\/hu\/wp-json\/wp\/v2\/media\/148636"}],"wp:attachment":[{"href":"https:\/\/test.redpipi.com\/hu\/wp-json\/wp\/v2\/media?parent=148634"}],"wp:term":[{"taxonomy":"product_brand","embeddable":true,"href":"https:\/\/test.redpipi.com\/hu\/wp-json\/wp\/v2\/product_brand?post=148634"},{"taxonomy":"product_cat","embeddable":true,"href":"https:\/\/test.redpipi.com\/hu\/wp-json\/wp\/v2\/product_cat?post=148634"},{"taxonomy":"product_tag","embeddable":true,"href":"https:\/\/test.redpipi.com\/hu\/wp-json\/wp\/v2\/product_tag?post=148634"}],"curies":[{"name":"wp","href":"https:\/\/api.w.org\/{rel}","templated":true}]}}