{"id":148606,"date":"2025-10-30T10:44:03","date_gmt":"2025-10-30T09:44:03","guid":{"rendered":"https:\/\/test.redpipi.com\/?post_type=product&#038;p=148606"},"modified":"2026-04-21T21:11:28","modified_gmt":"2026-04-21T20:11:28","slug":"dildo-velke-chapadlo","status":"publish","type":"product","link":"https:\/\/test.redpipi.com\/hu\/termek\/dildo-velke-chapadlo\/","title":{"rendered":"dild\u00f3 nagy cs\u00e1p"},"content":{"rendered":"<p>Dild\u00f3 \u00e9s an\u00e1lis dug\u00f3 cs\u00e1p alakban<\/p>\n<p>5 \u00e9v garancia<\/p>\n<p>&nbsp;<\/p>\n<h2>Hossz\u00fa cs\u00e1p tesztel\u00e9se vagin\u00e1ra vagy an\u00e1lisra<\/h2>\n<p>+ Intenz\u00edv fokozatos ny\u00fajt\u00e1s (nagyobb m\u00e9retekben ak\u00e1r \u00f6k\u00f6l szintig)<\/p>\n<p>+ Intenz\u00edv m\u00e9lys\u00e9g<\/p>\n<p>+ A tapad\u00f3korongok finoman massz\u00edroznak<\/p>\n<p>+ Design<\/p>\n<p>+ a mi egy\u00e9ni puhas\u00e1gunkban nagyon j\u00f3<\/p>\n<p>&nbsp;<\/p>\n<h2>V\u00e1ltozatok<\/h2>\n<p>S - 28 cm x 3,6 cm, s\u00faly: 170 g<\/p>\n<p>M - 35 cm x 4,7 cm, s\u00faly: 335 g<\/p>\n<p>L - 45 cm x 5,7 cm, s\u00faly: 695 g<\/p>\n<p>XL - 55 cm x 6,5 cm, s\u00faly: 1067 g<\/p>\n<p>XXL - 63 cm x 7,9 cm, s\u00faly: 1757 g<\/p>\n<p>&nbsp;<\/p>\n<h2>M\u0171szaki jellemz\u0151k<strong><br \/>\n<\/strong><\/h2>\n<p>anyag: rendk\u00edv\u00fcl rugalmas puha <a href=\"https:\/\/test.redpipi.com\/hu\/sex-toys-materials\/\">foly\u00e9kony szilikon<\/a><\/p>\n<p><a href=\"https:\/\/test.redpipi.com\/hu\/proper-sex-toy\/\">ide\u00e1lis puhas\u00e1g<\/a>: 7 HC (%) - \u00fagy viselkedik, mint az emberi sz\u00f6vet a testben (a l\u00e1gys\u00e1g egy\u00e9ni - 1\/3-a a piaci \u00e9s a gy\u00e1rt\u00f3i szabv\u00e1nynak).<\/p>\n<p>gy\u00e1rt\u00f3 Faak, CE min\u0151s\u00edt\u00e9s, sorozatsz\u00e1m. PWS 2155<\/p>\n<p>&nbsp;<\/p>\n<h2>Sz\u00ednek<\/h2>\n<p>Teljes sz\u00edn\u0171 szilikon. Ez nem fel\u00fcleti sz\u00ednez\u00e9s. A sz\u00ednt nem lehet lemosni vagy led\u00f6rzs\u00f6lni. A sz\u00ednek gazdagok, h\u0171ek a k\u00e9phez.<\/p>","protected":false},"excerpt":{"rendered":"<p>Dild\u00f3 \u00e9s an\u00e1lis dug\u00f3 cs\u00e1p alakban<\/p>","protected":false},"featured_media":148612,"comment_status":"open","ping_status":"closed","template":"","meta":[],"product_brand":[],"product_cat":[25,267,643],"product_tag":[],"class_list":{"0":"post-148606","1":"product","2":"type-product","3":"status-publish","4":"has-post-thumbnail","6":"product_cat-analni-koliky","7":"product_cat-redpipi-design","8":"product_cat-zvireci-fantasy-dilda","9":"pa_brand-faak","10":"pa_diametr-31-40mm","11":"pa_diametr-41-50mm","12":"pa_diametr-51-60mm","13":"pa_diametr-61-120mm","14":"pa_hardness-mekke-ideal-5-10hc","15":"pa_material-silicone-liquid","16":"pa_size-l","17":"pa_size-m","18":"pa_size-s","19":"pa_size-xl","20":"pa_size-xxl","22":"first","23":"instock","24":"shipping-taxable","25":"purchasable","26":"product-type-variable"},"_links":{"self":[{"href":"https:\/\/test.redpipi.com\/hu\/wp-json\/wp\/v2\/product\/148606","targetHints":{"allow":["GET"]}}],"collection":[{"href":"https:\/\/test.redpipi.com\/hu\/wp-json\/wp\/v2\/product"}],"about":[{"href":"https:\/\/test.redpipi.com\/hu\/wp-json\/wp\/v2\/types\/product"}],"replies":[{"embeddable":true,"href":"https:\/\/test.redpipi.com\/hu\/wp-json\/wp\/v2\/comments?post=148606"}],"wp:featuredmedia":[{"embeddable":true,"href":"https:\/\/test.redpipi.com\/hu\/wp-json\/wp\/v2\/media\/148612"}],"wp:attachment":[{"href":"https:\/\/test.redpipi.com\/hu\/wp-json\/wp\/v2\/media?parent=148606"}],"wp:term":[{"taxonomy":"product_brand","embeddable":true,"href":"https:\/\/test.redpipi.com\/hu\/wp-json\/wp\/v2\/product_brand?post=148606"},{"taxonomy":"product_cat","embeddable":true,"href":"https:\/\/test.redpipi.com\/hu\/wp-json\/wp\/v2\/product_cat?post=148606"},{"taxonomy":"product_tag","embeddable":true,"href":"https:\/\/test.redpipi.com\/hu\/wp-json\/wp\/v2\/product_tag?post=148606"}],"curies":[{"name":"wp","href":"https:\/\/api.w.org\/{rel}","templated":true}]}}