{"id":148602,"date":"2025-10-31T10:18:20","date_gmt":"2025-10-31T09:18:20","guid":{"rendered":"https:\/\/test.redpipi.com\/?post_type=product&#038;p=148602"},"modified":"2026-04-18T12:26:00","modified_gmt":"2026-04-18T11:26:00","slug":"dusici-roubik-realisticky-penis","status":"publish","type":"product","link":"https:\/\/test.redpipi.com\/hu\/termek\/dusici-roubik-realisticky-penis\/","title":{"rendered":"Fojtogat\u00f3 sz\u00e1jkos\u00e1r realisztikus p\u00e9nisz"},"content":{"rendered":"<p>Fojtogat\u00f3 sz\u00e1jkos\u00e1r egy val\u00f3s\u00e1gh\u0171 p\u00e9nisz alakj\u00e1ban<\/p>\n<p>Vagina vagy an\u00e1lis dug\u00f3k\u00e9nt is haszn\u00e1lhat\u00f3<\/p>\n<p>Minden fejm\u00e9rethez<\/p>\n<p>&nbsp;<\/p>\n<h2>A Redpipi tesztel\u00e9s\u00e9t\u0151l<\/h2>\n<p>+ Igaz\u00e1n massz\u00edv \u00e9s intenz\u00edv<\/p>\n<p>+ Azonnal \u00f6klendez\u00e9si reflexet, fullad\u00e1st \u00e9s p\u00e1nikot v\u00e1lt ki. T\u00e9nyleg csak a nagyon edzettek \u00e9s edzettek sz\u00e1m\u00e1ra, akik b\u00edrj\u00e1k a m\u00e9ly torkot!<\/p>\n<p>+ Vizu\u00e1lis \u00e9s val\u00f3s\u00e1gh\u0171 sz\u00ednek<\/p>\n<p>+ A szok\u00e1sos szilikonos sz\u00e1jkosarakhoz k\u00e9pest ez a puha, val\u00f3s\u00e1gh\u0171 anyag k\u00e9nyelmesebb<\/p>\n<p>+ \u00daj 10\/2025 A piacon m\u00e9g nem volt puha \u00e9s val\u00f3s\u00e1gh\u0171 fojt\u00f3szersz\u00e1m.<\/p>\n<p>+ Az \u00f6v kiv\u00e1l\u00f3 min\u0151s\u00e9g\u0171 m\u0171b\u0151rb\u0151l k\u00e9sz\u00fclt, a szegecses r\u00f6gz\u00edt\u00e9s gyors \u00e9s rugalmas.<\/p>\n<p>&nbsp;<\/p>\n<p><strong>Tippek:<\/strong> Paradox m\u00f3don sokaknak val\u00f3sz\u00edn\u0171leg k\u00f6nnyebb lesz a sz\u00e1jon kereszt\u00fcl l\u00e9legezni, mint az orron kereszt\u00fcl.<\/p>\n<p>Ha t\u00fal nagy neked, pr\u00f3b\u00e1ld meg oll\u00f3val lev\u00e1gni. Elrontod a l\u00e1tv\u00e1nyt, de haszn\u00e1lhat\u00f3 lesz.<\/p>\n<p>T\u00f6bbsz\u00f6ri nyugalmi helyzetben t\u00f6rt\u00e9n\u0151 bevet\u00e9skor m\u00e1r lehetett laz\u00edtani, de nem lehetett megh\u00fazni. Fokozatosan, r\u00f6vid ideig \u00e9s nyugalomban szeretn\u00e9 kipr\u00f3b\u00e1lni.<\/p>\n<p>&nbsp;<\/p>\n<p><strong>K\u00f6vetkeztet\u00e9s:<\/strong> Intenz\u00edv, de csak azoknak, akik fokozatosan akarnak edzeni, vagy azoknak, akik tudnak m\u00e9lytorn\u00e1zni. A h\u00e9tk\u00f6znapi emberek csak r\u00e9szben tudj\u00e1k majd megval\u00f3s\u00edtani, \u00e9s nem fogja \u0151ket elk\u00f6telezni.<\/p>\n<p>&nbsp;<\/p>\n<h2>V\u00e1ltozatok<\/h2>\n<p>1. t\u00edpus balra, hossza 13 * 5,3cm \u00e1tm\u00e9r\u0151, s\u00falya 310 g, rendel\u00e9si sz\u00e1m: S8605-K<\/p>\n<p>2. t\u00edpus jobbra, hossza 14,7 * 5,3 cm \u00e1tm\u00e9r\u0151 \u00e9s 5,4 cm (el\u00f6l-h\u00e1tul), s\u00falya 380 g, rendel\u00e9si sz\u00e1m: S8609-K<\/p>\n<p>&nbsp;<\/p>\n<h2>M\u0171szaki jellemz\u0151k<strong><br \/>\n<\/strong><\/h2>\n<p>Anyag: <a href=\"https:\/\/test.redpipi.com\/hu\/sex-toys-materials\/\">foly\u00e9kony szilikon<\/a><\/p>\n<p><a href=\"https:\/\/test.redpipi.com\/hu\/mekke-dilda-mekkost-dild\/\">ide\u00e1lis puhas\u00e1g<\/a>: 19 H0 (%) - \u00fagy viselkedik a szervezetben, mint az emberi sz\u00f6vetek.<\/p>\n<p>gy\u00e1rt\u00f3 Faak, CE tan\u00fas\u00edtv\u00e1nnyal<\/p>\n<p>&nbsp;<\/p>\n<h2>Sz\u00ednek<\/h2>\n<p>Teljes sz\u00edn\u0171 szilikon. Ez nem fel\u00fcleti sz\u00ednez\u00e9s. A sz\u00ednt nem lehet lemosni vagy led\u00f6rzs\u00f6lni. A sz\u00ednek gazdagok, h\u0171ek a k\u00e9phez.<\/p>\n<p>&nbsp;<\/p>\n<h2>Utas\u00edt\u00e1sok<\/h2>\n<p>Ne haszn\u00e1lja sz\u00e1jkos\u00e1rk\u00e9nt olyan szem\u00e9lyekn\u00e9l, akiknek cs\u00f6kkent a l\u00e9gz\u00e9si k\u00e9pess\u00e9ge (tart\u00f3san vagy l\u00e9gz\u0151szervi betegs\u00e9g miatt). Ne hagyja a szem\u00e9lyt fel\u00fcgyelet n\u00e9lk\u00fcl. Fuldokl\u00e1s vesz\u00e9lye \u00e1ll fenn. Tartsa tiszteletben a  c\u00edmet. <a href=\"https:\/\/test.redpipi.com\/hu\/bondage-tips\/\">Leck\u00e9k a BDSM szexu\u00e1lis j\u00e1t\u00e9k biztons\u00e1g\u00e1r\u00f3l<\/a>.<\/p>\n<p>Ne h\u00fazza meg teljesen! A sz\u00e1jkos\u00e1r elnyomja a sz\u00e1jon \u00e9s az orron kereszt\u00fcli l\u00e9gz\u00e9st.<\/p>\n<p>A szilikon biztons\u00e1gosan steriliz\u00e1lhat\u00f3 forral\u00e1ssal. De a norm\u00e1l mos\u00e1s is elegend\u0151. Mindenf\u00e9le ken\u0151anyag haszn\u00e1lhat\u00f3.<\/p>","protected":false},"excerpt":{"rendered":"<p>Hatalmas fojtogat\u00f3 sz\u00e1jkos\u00e1r egy val\u00f3s\u00e1gh\u0171 p\u00e9nisz alakj\u00e1ban<\/p>","protected":false},"featured_media":148605,"comment_status":"open","ping_status":"closed","template":"","meta":[],"product_brand":[],"product_cat":[642,305],"product_tag":[],"class_list":{"0":"post-148602","1":"product","2":"type-product","3":"status-publish","4":"has-post-thumbnail","6":"product_cat-mekke-dilda","7":"product_cat-roubiky","8":"pa_brand-faak","9":"pa_diametr-41-50mm","10":"pa_diametr-51-60mm","11":"pa_hardness-mekke-jako-sval-10-20hc","12":"pa_material-silicone-liquid","14":"first","15":"instock","16":"shipping-taxable","17":"purchasable","18":"product-type-variable"},"_links":{"self":[{"href":"https:\/\/test.redpipi.com\/hu\/wp-json\/wp\/v2\/product\/148602","targetHints":{"allow":["GET"]}}],"collection":[{"href":"https:\/\/test.redpipi.com\/hu\/wp-json\/wp\/v2\/product"}],"about":[{"href":"https:\/\/test.redpipi.com\/hu\/wp-json\/wp\/v2\/types\/product"}],"replies":[{"embeddable":true,"href":"https:\/\/test.redpipi.com\/hu\/wp-json\/wp\/v2\/comments?post=148602"}],"wp:featuredmedia":[{"embeddable":true,"href":"https:\/\/test.redpipi.com\/hu\/wp-json\/wp\/v2\/media\/148605"}],"wp:attachment":[{"href":"https:\/\/test.redpipi.com\/hu\/wp-json\/wp\/v2\/media?parent=148602"}],"wp:term":[{"taxonomy":"product_brand","embeddable":true,"href":"https:\/\/test.redpipi.com\/hu\/wp-json\/wp\/v2\/product_brand?post=148602"},{"taxonomy":"product_cat","embeddable":true,"href":"https:\/\/test.redpipi.com\/hu\/wp-json\/wp\/v2\/product_cat?post=148602"},{"taxonomy":"product_tag","embeddable":true,"href":"https:\/\/test.redpipi.com\/hu\/wp-json\/wp\/v2\/product_tag?post=148602"}],"curies":[{"name":"wp","href":"https:\/\/api.w.org\/{rel}","templated":true}]}}