{"id":148587,"date":"2025-10-30T18:53:13","date_gmt":"2025-10-30T17:53:13","guid":{"rendered":"https:\/\/test.redpipi.com\/?post_type=product&#038;p=148587"},"modified":"2026-04-21T11:04:49","modified_gmt":"2026-04-21T10:04:49","slug":"egg-dildo-faak","status":"publish","type":"product","link":"https:\/\/test.redpipi.com\/hu\/termek\/egg-dildo-faak\/","title":{"rendered":"Toj\u00e1sdild\u00f3 Faak 20*5,5 cm"},"content":{"rendered":"<p>A Toj\u00e1sdild\u00f3 kiz\u00e1r\u00f3lag \u00e9l\u0151 emberi szervezetekben rak toj\u00e1sokat, amelyeket azt\u00e1n addig parazit\u00e1zik, am\u00edg a toj\u00e1sok ki nem kelnek :).<\/p>\n<p>Ez m\u00e1r r\u00e9g\u00f3ta hi\u00e1nyzik a piacr\u00f3l.<\/p>\n<h2>Toj\u00e1srak\u00f3 dild\u00f3 tesztel\u00e9se<\/h2>\n<p>+ A nyom\u00e1s fokozatosan kinyomja az \u00f6sszes toj\u00e1st.<\/p>\n<p>+ Nagyon rugalmas szexu\u00e1lis j\u00e1t\u00e9k<\/p>\n<p>+ \u00c9rdekes eredeti tapasztalatok<\/p>\n<p>+ Min\u0151s\u00e9gi f\u00e9mszelep nem sziv\u00e1rog<\/p>\n<p>+ A t\u00f6ml\u0151 k\u00f6nnyen meghosszabb\u00edthat\u00f3<\/p>\n<p>+ Gy\u00f6ny\u00f6r\u0171 design \u00e9s sz\u00ednek korall vagy anemone<\/p>\n<p>&nbsp;<\/p>\n<p><strong>Tipp: <\/strong>Javasoljuk a toj\u00e1s vagy a p\u00e9nisz ken\u00e9s\u00e9t a behelyez\u00e9s el\u0151tt. S\u00edkos\u00edt\u00f3 n\u00e9lk\u00fcl a toj\u00e1s egy kicsit jobban kiugrik.<\/p>\n<p>&nbsp;<\/p>\n<h2>M\u0171szaki jellemz\u0151k<strong><br \/>\n<\/strong><\/h2>\n<p>hossza 20cm, makk \u00e1tm\u00e9r\u0151je 4,3cm, k\u00e9z \u00e1tm\u00e9r\u0151je 5,7cm<\/p>\n<p>toj\u00e1s 3,8 * 3,2cm<\/p>\n<p>Anyag: <a href=\"https:\/\/test.redpipi.com\/hu\/sex-toys-materials\/\">foly\u00e9kony szilikon<\/a><\/p>\n<p><a href=\"https:\/\/test.redpipi.com\/hu\/mekke-dilda-mekkost-dild\/\">puhas\u00e1g<\/a>: ide\u00e1lis 16 HC (%), de szubjekt\u00edve l\u00e1gyabb az \u00fcregek miatt.<\/p>\n<p>Gy\u00e1rt\u00f3 Faak, CE tan\u00fas\u00edtv\u00e1nnyal, sorsz\u00e1m: wn1133- QDOR-R2<\/p>\n<p>S\u00faly: 425 g dild\u00f3 \u00e9s 125 g toj\u00e1s<\/p>\n<h2>Sz\u00ednek<\/h2>\n<p>Teljes sz\u00edn\u0171 szilikon. Ez nem fel\u00fcleti sz\u00ednez\u00e9s. A sz\u00ednt nem lehet lemosni vagy led\u00f6rzs\u00f6lni. A sz\u00ednek gazdagok, h\u0171ek a k\u00e9phez.<\/p>\n<h2>Utas\u00edt\u00e1sok<\/h2>\n<p>A szelep az \u00f3ramutat\u00f3 j\u00e1r\u00e1s\u00e1val megegyez\u0151 ir\u00e1nyban z\u00e1r\u00f3dik (ellenkez\u0151 ir\u00e1nyban lazul), \u00e9s ezut\u00e1n felf\u00fajhat\u00f3.<\/p>","protected":false},"excerpt":{"rendered":"<p>F\u00fcty\u00fcl\u0151k toj\u00e1sokat raknak a h\u00fcvelybe vagy a v\u00e9gb\u00e9lny\u00edl\u00e1sba \u00e9s 5 toj\u00e1st<\/p>","protected":false},"featured_media":148589,"comment_status":"open","ping_status":"closed","template":"","meta":[],"product_brand":[],"product_cat":[25,642,643],"product_tag":[],"class_list":{"0":"post-148587","1":"product","2":"type-product","3":"status-publish","4":"has-post-thumbnail","6":"product_cat-analni-koliky","7":"product_cat-mekke-dilda","8":"product_cat-zvireci-fantasy-dilda","9":"pa_brand-faak","10":"pa_diametr-41-50mm","11":"pa_diametr-61-120mm","12":"pa_hardness-mekke-ideal-5-10hc","13":"pa_material-silicone-liquid","14":"pa_special-jine","16":"first","17":"instock","18":"shipping-taxable","19":"purchasable","20":"product-type-simple"},"_links":{"self":[{"href":"https:\/\/test.redpipi.com\/hu\/wp-json\/wp\/v2\/product\/148587","targetHints":{"allow":["GET"]}}],"collection":[{"href":"https:\/\/test.redpipi.com\/hu\/wp-json\/wp\/v2\/product"}],"about":[{"href":"https:\/\/test.redpipi.com\/hu\/wp-json\/wp\/v2\/types\/product"}],"replies":[{"embeddable":true,"href":"https:\/\/test.redpipi.com\/hu\/wp-json\/wp\/v2\/comments?post=148587"}],"wp:featuredmedia":[{"embeddable":true,"href":"https:\/\/test.redpipi.com\/hu\/wp-json\/wp\/v2\/media\/148589"}],"wp:attachment":[{"href":"https:\/\/test.redpipi.com\/hu\/wp-json\/wp\/v2\/media?parent=148587"}],"wp:term":[{"taxonomy":"product_brand","embeddable":true,"href":"https:\/\/test.redpipi.com\/hu\/wp-json\/wp\/v2\/product_brand?post=148587"},{"taxonomy":"product_cat","embeddable":true,"href":"https:\/\/test.redpipi.com\/hu\/wp-json\/wp\/v2\/product_cat?post=148587"},{"taxonomy":"product_tag","embeddable":true,"href":"https:\/\/test.redpipi.com\/hu\/wp-json\/wp\/v2\/product_tag?post=148587"}],"curies":[{"name":"wp","href":"https:\/\/api.w.org\/{rel}","templated":true}]}}