{"id":148569,"date":"2024-11-03T10:18:34","date_gmt":"2024-11-03T09:18:34","guid":{"rendered":"https:\/\/test.redpipi.com\/?post_type=product&#038;p=148569"},"modified":"2026-01-30T19:49:14","modified_gmt":"2026-01-30T18:49:14","slug":"longer-cock-penis-nastavec-otevreny-zalud-faak-5021","status":"publish","type":"product","link":"https:\/\/test.redpipi.com\/hu\/termek\/longer-cock-penis-nastavec-otevreny-zalud-faak-5021\/","title":{"rendered":"Hosszabb kakas p\u00e9nisz r\u00f6gz\u00edt\u00e9s nyitott makk Faak 5021XL 18* 5,8 cm"},"content":{"rendered":"<p>Val\u00f3s\u00e1gh\u0171 p\u00e9niszhosszabb\u00edt\u00f3 fedetlen makkal.<\/p>\n<p>Lehet\u0151v\u00e9 teszi az intenz\u00edv ny\u00fajt\u00e1st a teljes \u00e9rz\u00e9kenys\u00e9g fenntart\u00e1sa mellett.<\/p>\n<p>Egys\u00e9ges m\u00e9ret: k\u00f6nnyen illeszkedik egy 5 cm vastag p\u00e9niszhez vagy vastagabb p\u00e9niszhez \u00e9s b\u00e1rmely f\u00e9rfi her\u00e9hez.<\/p>\n<p><a href=\"\/wp-content\/uploads\/2025\/09\/penis-sleeve-OS-ADL5021-faak-all-sizes-video.mp4\">video Realisztikus p\u00e9nisz hosszabb\u00edt\u00f3 Hosszabb<\/a> 3MB (az L m\u00e9ret balr\u00f3l a m\u00e1sodik)<\/p>\n<p>&nbsp;<\/p>\n<h2>A Redpipi tesztel\u00e9s\u00e9t\u0151l<\/h2>\n<p>+ Sok m\u00e1ssal ellent\u00e9tben a p\u00e9niszh\u00fcvely nemcsak nagyon j\u00f3l, de ide\u00e1lisan is m\u0171k\u00f6dik. Kifesz\u00edti a h\u00fcvelyt, \u00edgy az szex ut\u00e1n is nyitva marad. Ha ezut\u00e1n a h\u00fcvely n\u00e9lk\u00fcl helyezed be a p\u00e9niszt a h\u00fcvelybe, \u00e9rezni fogod, ahogy a laza h\u00fcvelyi sz\u00f6vet kellemesen g\u00f6rb\u00fcl k\u00f6r\u00fcl\u00f6tte.<\/p>\n<p>+ A nyitott fels\u0151 r\u00e9sz szabadon hagyja a p\u00e9nisz makkj\u00e1t. Ez meg\u0151rzi a p\u00e9nisz szinte teljes \u00e9rz\u00e9kenys\u00e9g\u00e9t, \u00e9s lehet\u0151v\u00e9 teszi a korl\u00e1tlanul hossz\u00fa p\u00e9niszek illeszt\u00e9s\u00e9t is.<\/p>\n<p>+ Re\u00e1lis \u00e9s praktikus kialak\u00edt\u00e1s. Amikor szex k\u00f6zben a hosszabb\u00edt\u00f3ban l\u00e9v\u0151 f\u00e9rfi p\u00e9nisz\u00e9t n\u00e9zi, az term\u00e9szetesen beleolvad a hosszabb\u00edt\u00f3ba mind vizu\u00e1lisan, mind g\u00f6rb\u00fclet\u00e9ben.<\/p>\n<p>+ J\u00f3 a sz\u00fcl\u00e9s el\u0151tti term\u00e9szetes edz\u00e9shez.<\/p>\n<p>A herep\u00e1nt sz\u00e9pen a testhez tartja a p\u00e9niszt.<\/p>\n<p>&nbsp;<\/p>\n<p><strong>K\u00f6vetkeztet\u00e9s:<\/strong> Igaz\u00e1n szil\u00e1rd \u00e9s m\u00e1s nagym\u00e9ret\u0171 min\u0151s\u00e9gi tokokkal ellent\u00e9tben el\u00e9g puha, j\u00f3 kialak\u00edt\u00e1ssal. Ez tetszeni fog.<\/p>\n<p>&nbsp;<\/p>\n<h2><strong>Utas\u00edt\u00e1sok<\/strong><\/h2>\n<p>Haszn\u00e1lat el\u0151tt mindig kenje be j\u00f3l a tartoz\u00e9kokat k\u00edv\u00fclr\u0151l \u00e9s bel\u00fclr\u0151l. A heresz\u00edjat legfeljebb n\u00e9h\u00e1ny tucat percig tartsa rajta, \u00e9s f\u00e1jdalom vagy zsibbad\u00e1s eset\u00e9n azonnal vegye le.<\/p>\n<p>&nbsp;<\/p>\n<h2>M\u0171szaki jellemz\u0151k<strong><br \/>\n<\/strong><\/h2>\n<p>18* 5,8 cm, bels\u0151 \u00e1tm\u00e9r\u0151 2,8 cm, bel\u00fcl 6 cm \u00e1tm\u00e9r\u0151ig b\u0151v\u00edthet\u0151, (XL v\u00e1ltozat, balr\u00f3l az els\u0151), rendel\u00e9si sz\u00e1m ADL5021XL.<\/p>\n<p>anyag: rendk\u00edv\u00fcl rugalmas puha <a href=\"https:\/\/test.redpipi.com\/hu\/sex-toys-materials\/\">foly\u00e9kony szilikon<\/a><\/p>\n<p><a href=\"https:\/\/test.redpipi.com\/hu\/mekke-dilda-mekkost-dild\/\">ide\u00e1lis kem\u00e9nys\u00e9g<\/a>: 7 H0 (%) - \u00fagy viselkedik a szervezetben, mint az emberi sz\u00f6vetek.<\/p>\n<p>s\u00faly: 325g<\/p>\n<p>gy\u00e1rt\u00f3 Faak, CE tan\u00fas\u00edtv\u00e1nnyal<\/p>\n<p>&nbsp;<\/p>\n<h2>Sz\u00ednek<\/h2>\n<p>Teljes sz\u00edn\u0171 szilikon. Ez nem fel\u00fcleti sz\u00ednez\u00e9s. A sz\u00ednt nem lehet lemosni vagy led\u00f6rzs\u00f6lni. A sz\u00ednek gazdagok, h\u0171ek a k\u00e9phez.<\/p>","protected":false},"excerpt":{"rendered":"<p>Realisztikus hossz\u00fa p\u00e9nisz hosszabb\u00edt\u00e1s nyitott makk<\/p>","protected":false},"featured_media":148585,"comment_status":"open","ping_status":"closed","template":"","meta":[],"product_brand":[],"product_cat":[55,107],"product_tag":[],"class_list":{"0":"post-148569","1":"product","2":"type-product","3":"status-publish","4":"has-post-thumbnail","6":"product_cat-erekcni-krouky","7":"product_cat-penis-nastavce","8":"pa_brand-faak","9":"pa_diametr-51-60mm","10":"pa_hardness-mekke-ideal-5-10hc","11":"pa_material-silicone-liquid","13":"first","14":"outofstock","15":"shipping-taxable","16":"purchasable","17":"product-type-simple"},"_links":{"self":[{"href":"https:\/\/test.redpipi.com\/hu\/wp-json\/wp\/v2\/product\/148569","targetHints":{"allow":["GET"]}}],"collection":[{"href":"https:\/\/test.redpipi.com\/hu\/wp-json\/wp\/v2\/product"}],"about":[{"href":"https:\/\/test.redpipi.com\/hu\/wp-json\/wp\/v2\/types\/product"}],"replies":[{"embeddable":true,"href":"https:\/\/test.redpipi.com\/hu\/wp-json\/wp\/v2\/comments?post=148569"}],"wp:featuredmedia":[{"embeddable":true,"href":"https:\/\/test.redpipi.com\/hu\/wp-json\/wp\/v2\/media\/148585"}],"wp:attachment":[{"href":"https:\/\/test.redpipi.com\/hu\/wp-json\/wp\/v2\/media?parent=148569"}],"wp:term":[{"taxonomy":"product_brand","embeddable":true,"href":"https:\/\/test.redpipi.com\/hu\/wp-json\/wp\/v2\/product_brand?post=148569"},{"taxonomy":"product_cat","embeddable":true,"href":"https:\/\/test.redpipi.com\/hu\/wp-json\/wp\/v2\/product_cat?post=148569"},{"taxonomy":"product_tag","embeddable":true,"href":"https:\/\/test.redpipi.com\/hu\/wp-json\/wp\/v2\/product_tag?post=148569"}],"curies":[{"name":"wp","href":"https:\/\/api.w.org\/{rel}","templated":true}]}}