{"id":148546,"date":"2024-10-30T10:03:08","date_gmt":"2024-10-30T09:03:08","guid":{"rendered":"https:\/\/test.redpipi.com\/?post_type=product&#038;p=148546"},"modified":"2026-01-30T19:50:56","modified_gmt":"2026-01-30T18:50:56","slug":"bigger-cock-realisticky-penis-nastavec-otevreny-zalud-faak","status":"publish","type":"product","link":"https:\/\/test.redpipi.com\/hu\/termek\/bigger-cock-realisticky-penis-nastavec-otevreny-zalud-faak\/","title":{"rendered":"Nagyobb Fasz Realisztikus p\u00e9nisz hosszabb\u00edt\u00f3 Nyitott makk 14,5*6,1 cm G1325M"},"content":{"rendered":"<p>Val\u00f3s\u00e1gh\u0171 p\u00e9niszhosszabb\u00edt\u00f3 szabadon hagyott makkal \u00e9s fitym\u00e1val.<\/p>\n<p>Lehet\u0151v\u00e9 teszi az intenz\u00edv ny\u00fajt\u00e1st a teljes \u00e9rz\u00e9kenys\u00e9g fenntart\u00e1sa mellett.<\/p>\n<p>Egys\u00e9ges m\u00e9ret: k\u00f6nnyen illeszkedik egy 5 cm vastag p\u00e9niszhez vagy vastagabb p\u00e9niszhez \u00e9s b\u00e1rmely f\u00e9rfi her\u00e9hez.<\/p>\n<p><a href=\"\/wp-content\/uploads\/2025\/09\/penis-nastavec-G1325M.mp4\">video Realisztikus p\u00e9nisz hosszabb\u00edt\u00f3 nagyobb<\/a> 26MB<\/p>\n<p>&nbsp;<\/p>\n<h2>A Bigger Cock Penis Extender tesztel\u00e9se<\/h2>\n<p>A p\u00e9niszh\u00fcvely sok m\u00e1ssal ellent\u00e9tben nem csak nagyon j\u00f3l, hanem egyenesen ide\u00e1lisan m\u0171k\u00f6dik. \u00dagy ny\u00fajtja a puncit, hogy szex ut\u00e1n is nyitva marad. Ha ezt k\u00f6vet\u0151en a h\u00fcvely n\u00e9lk\u00fcl helyezi be a p\u00e9niszt, akkor kellemesen \u00e9rezheti, ahogy a laza h\u00fcvelysz\u00f6vet k\u00f6r\u00e9 g\u00f6rd\u00fcl.<\/p>\n<p>Mi teszi ezt a p\u00e9niszhosszabb\u00edt\u00f3t egyediv\u00e9?<\/p>\n<p>1. A nyitott teteje szabadon hagyja a p\u00e9nisz makkj\u00e1t - szabadon. Ez meg\u0151rzi a p\u00e9nisz szinte teljes \u00e9rz\u00e9kenys\u00e9g\u00e9t, \u00e9s lehet\u0151v\u00e9 teszi ak\u00e1r korl\u00e1tlanul hossz\u00fa p\u00e9niszek felszerel\u00e9s\u00e9t is.<\/p>\n<p>2. A legnagyobb kiterjed\u00e9s k\u00f6z\u00e9pen van. Ez azt jelenti, hogy a legsz\u00e9lesebb r\u00e9sz behatol a h\u00fcvely belsej\u00e9be, ellent\u00e9tben sok hasonl\u00f3 kiterjeszt\u00e9ssel, amelyeknek a t\u00f6v\u00e9n\u00e9l van egy kiterjeszt\u00e9s. A h\u00fcvely kit\u00e1gul \u00e9s \u00f6sszeh\u00faz\u00f3dik a k\u00f6zepe k\u00f6r\u00fcl, ami massz\u00edrozza a h\u00fcvelyt \u00e9s \u00f6r\u00f6met okoz a n\u0151nek. Ez v\u00e9gs\u0151 soron intenz\u00edvebb ny\u00fajt\u00e1st \u00e9s szexet jelent a n\u0151 sz\u00e1m\u00e1ra. K\u00f6vetkez\u00e9sk\u00e9ppen a n\u0151i partner jobban v\u00e1gyik az orgazmusra \u00e9s az \u00f6k\u00f6lv\u00edv\u00e1sra. Ezzel szemben a hagyom\u00e1nyos, teljes hossz\u00e1ban azonos sz\u00e9less\u00e9g\u0171 p\u00e9niszhosszabb\u00edt\u00e1s egyes n\u0151k sz\u00e1m\u00e1ra t\u00falzottan vagy f\u00e1jdalmasan megterhel\u0151 lehet. Vagy nem el\u00e9g er\u0151sek.<\/p>\n<p>3. Itt siker\u00fclt egyens\u00falyt teremteni\u00fck egy nagy vastags\u00e1ggal, amely m\u00e9g mindig gond n\u00e9lk\u00fcl behatol a h\u00fcvelybe. Egy vastagabb h\u00fcvely tapasztalataink szerint csak kifel\u00e9 gurulna.<\/p>\n<p>Sz\u00e9p \u00e9s praktikus kialak\u00edt\u00e1s. Amikor szex k\u00f6zben a hosszabb\u00edt\u00f3ban l\u00e9v\u0151 f\u00e9rfi p\u00e9nisz\u00e9t n\u00e9zi, az mind vizu\u00e1lisan, mind g\u00f6rb\u00fclet\u00e9ben term\u00e9szetesen beleolvad a hosszabb\u00edt\u00f3ba.<\/p>\n<p>J\u00f3 a sz\u00fcl\u00e9s el\u0151tti term\u00e9szetes edz\u00e9shez.<\/p>\n<p>A herep\u00e1nt sz\u00e9pen a testhez tartja a p\u00e9niszt.<\/p>\n<p>&nbsp;<\/p>\n<p>K\u00f6vetkeztet\u00e9s: kiv\u00e1l\u00f3<\/p>\n<p>&nbsp;<\/p>\n<h2><strong>Utas\u00edt\u00e1sok<\/strong><\/h2>\n<p>Haszn\u00e1lat el\u0151tt mindig kenje be j\u00f3l a tartoz\u00e9kokat k\u00edv\u00fclr\u0151l \u00e9s bel\u00fclr\u0151l. A heresz\u00edjat legfeljebb n\u00e9h\u00e1ny tucat percig tartsa rajta, \u00e9s f\u00e1jdalom vagy zsibbad\u00e1s eset\u00e9n azonnal vegye le.<\/p>\n<p>&nbsp;<\/p>\n<h2>M\u0171szaki jellemz\u0151k<strong><br \/>\n<\/strong><\/h2>\n<p>14,5*6,1 cm, bels\u0151 \u00e1tm\u00e9r\u0151je 2,8 cm, a bels\u0151 6 cm \u00e1tm\u00e9r\u0151ig b\u0151v\u00edthet\u0151.<\/p>\n<p>anyag: rendk\u00edv\u00fcl rugalmas puha <a href=\"https:\/\/test.redpipi.com\/hu\/sex-toys-materials\/\">foly\u00e9kony szilikon<\/a><\/p>\n<p><a href=\"https:\/\/test.redpipi.com\/hu\/mekke-dilda-mekkost-dild\/\">ide\u00e1lis kem\u00e9nys\u00e9g<\/a>: 7 H0 (%) - \u00fagy viselkedik a szervezetben, mint az emberi sz\u00f6vetek.<\/p>\n<p>s\u00faly: 247g<\/p>\n<p>gy\u00e1rt\u00f3 Faak, CE tan\u00fas\u00edtv\u00e1nnyal, sorozatsz\u00e1m: G1325M<\/p>\n<p>&nbsp;<\/p>\n<h2>Sz\u00ednek<\/h2>\n<p>Teljes sz\u00edn\u0171 szilikon. Ez nem fel\u00fcleti sz\u00ednez\u00e9s. A sz\u00ednt nem lehet lemosni vagy led\u00f6rzs\u00f6lni. A sz\u00ednek gazdagok, h\u0171ek a k\u00e9phez.<\/p>","protected":false},"excerpt":{"rendered":"<p>Realisztikus p\u00e9nisz hosszabb\u00edt\u00f3 Nagyobb nyitott<\/p>","protected":false},"featured_media":148552,"comment_status":"open","ping_status":"closed","template":"","meta":[],"product_brand":[],"product_cat":[55,107],"product_tag":[],"class_list":{"0":"post-148546","1":"product","2":"type-product","3":"status-publish","4":"has-post-thumbnail","6":"product_cat-erekcni-krouky","7":"product_cat-penis-nastavce","8":"pa_brand-faak","9":"pa_diametr-41-50mm","10":"pa_diametr-61-120mm","11":"pa_hardness-mekke-ideal-5-10hc","12":"pa_material-silicone-liquid","14":"first","15":"outofstock","16":"shipping-taxable","17":"purchasable","18":"product-type-simple"},"_links":{"self":[{"href":"https:\/\/test.redpipi.com\/hu\/wp-json\/wp\/v2\/product\/148546","targetHints":{"allow":["GET"]}}],"collection":[{"href":"https:\/\/test.redpipi.com\/hu\/wp-json\/wp\/v2\/product"}],"about":[{"href":"https:\/\/test.redpipi.com\/hu\/wp-json\/wp\/v2\/types\/product"}],"replies":[{"embeddable":true,"href":"https:\/\/test.redpipi.com\/hu\/wp-json\/wp\/v2\/comments?post=148546"}],"wp:featuredmedia":[{"embeddable":true,"href":"https:\/\/test.redpipi.com\/hu\/wp-json\/wp\/v2\/media\/148552"}],"wp:attachment":[{"href":"https:\/\/test.redpipi.com\/hu\/wp-json\/wp\/v2\/media?parent=148546"}],"wp:term":[{"taxonomy":"product_brand","embeddable":true,"href":"https:\/\/test.redpipi.com\/hu\/wp-json\/wp\/v2\/product_brand?post=148546"},{"taxonomy":"product_cat","embeddable":true,"href":"https:\/\/test.redpipi.com\/hu\/wp-json\/wp\/v2\/product_cat?post=148546"},{"taxonomy":"product_tag","embeddable":true,"href":"https:\/\/test.redpipi.com\/hu\/wp-json\/wp\/v2\/product_tag?post=148546"}],"curies":[{"name":"wp","href":"https:\/\/api.w.org\/{rel}","templated":true}]}}