{"id":149583,"date":"2024-12-05T21:23:50","date_gmt":"2024-12-05T20:23:50","guid":{"rendered":"https:\/\/test.redpipi.com\/?post_type=product&#038;p=149583"},"modified":"2026-03-29T22:58:53","modified_gmt":"2026-03-29T21:58:53","slug":"you-me-warming-macho-lubrikant-150ml","status":"publish","type":"product","link":"https:\/\/test.redpipi.com\/de\/produkt\/you-me-warming-macho-lubrikant-150ml\/","title":{"rendered":"You Me Warming \/ Macho Gleitgel 150 ml"},"content":{"rendered":"<p>Seidig weiches und intensiv feuchtigkeitsspendendes Gleitgel mit stark stimulierender Wirkung, das die sexuelle Erregung steigert.<\/p>\n<p>Es unterst\u00fctzt die nat\u00fcrliche vaginale Lubrikation und sorgt f\u00fcr mehr Vergn\u00fcgen beim Geschlechtsverkehr.<\/p>\n<p>Es l\u00e4sst sich leicht mit Wasser abwaschen.<\/p>\n<p>Ideal zur Verwendung mit Latexkondomen und Sexspielzeug.<\/p>\n<p>CE- und RoHS-zertifiziert. Medizinprodukt der Klasse I \u2013 Gleitmittel zur inneren und \u00e4u\u00dferen Anwendung.<\/p>\n<p>&nbsp;<\/p>\n<h2>Varianten<\/h2>\n<p><strong>Gelb \u2013 Du ICH Erw\u00e4rmung<\/strong> \u2013 warm, EAN: 8594068383684, geeignet f\u00fcr Harnr\u00f6hrenspiele<\/p>\n<p><strong>gr\u00fcn \u2013 Du und ich, Macho<\/strong> \u2013 schmeichelhaft, EAN: 8594068383677, geeignet zur Aufpeppung von Sexspielen oder BDSM, brennt im Anus<\/p>\n<p>&nbsp;<\/p>\n<h2>Technische Merkmale<\/h2>\n<p>Ausgewogener pH-Wert, geeignet f\u00fcr das vaginale Milieu. Frei von Parabenen, Silikonen, Mineral\u00f6len, chemischen Konservierungsstoffen und Mikroplastik. Das Gleitmittel ist kein Verh\u00fctungsmittel.<br \/>\nDas Produkt enth\u00e4lt keine Spermizide. Vegan und nicht an Tieren getestet (V-Label-Zertifikat).<\/p>\n<p>Inhaltsstoffe: Glycerin, Wasser, Hydroxyethylcellulose, Natriumbenzoat, Milchs\u00e4ure, Pfefferminz\u00f6l,<br \/>\nNatriumchlorid, Limonen, Linalool, Eugenol, Citral<\/p>\n<p>&nbsp;<\/p>\n<p class=\"western\" style=\"text-align: justify;\">Geeignet f\u00fcr alle Arten von erotischen Hilfsmitteln.<\/p>\n<p>Hersteller: Livondo GmbH, Deutschland<\/p>\n<p>Gewicht: 196 g<\/p>","protected":false},"excerpt":{"rendered":"<p>Gleitgel mit stimulierender Wirkung<\/p>","protected":false},"featured_media":149588,"comment_status":"open","ping_status":"closed","template":"","meta":[],"product_brand":[],"product_cat":[608],"product_tag":[],"class_list":{"0":"post-149583","1":"product","2":"type-product","3":"status-publish","4":"has-post-thumbnail","6":"product_cat-lubrikanty-bezny-sex","7":"pa_color-zelena","8":"pa_color-yellow","10":"first","11":"instock","12":"shipping-taxable","13":"purchasable","14":"product-type-variable"},"_links":{"self":[{"href":"https:\/\/test.redpipi.com\/de\/wp-json\/wp\/v2\/product\/149583","targetHints":{"allow":["GET"]}}],"collection":[{"href":"https:\/\/test.redpipi.com\/de\/wp-json\/wp\/v2\/product"}],"about":[{"href":"https:\/\/test.redpipi.com\/de\/wp-json\/wp\/v2\/types\/product"}],"replies":[{"embeddable":true,"href":"https:\/\/test.redpipi.com\/de\/wp-json\/wp\/v2\/comments?post=149583"}],"wp:featuredmedia":[{"embeddable":true,"href":"https:\/\/test.redpipi.com\/de\/wp-json\/wp\/v2\/media\/149588"}],"wp:attachment":[{"href":"https:\/\/test.redpipi.com\/de\/wp-json\/wp\/v2\/media?parent=149583"}],"wp:term":[{"taxonomy":"product_brand","embeddable":true,"href":"https:\/\/test.redpipi.com\/de\/wp-json\/wp\/v2\/product_brand?post=149583"},{"taxonomy":"product_cat","embeddable":true,"href":"https:\/\/test.redpipi.com\/de\/wp-json\/wp\/v2\/product_cat?post=149583"},{"taxonomy":"product_tag","embeddable":true,"href":"https:\/\/test.redpipi.com\/de\/wp-json\/wp\/v2\/product_tag?post=149583"}],"curies":[{"name":"wp","href":"https:\/\/api.w.org\/{rel}","templated":true}]}}