{"id":149570,"date":"2024-12-05T20:57:45","date_gmt":"2024-12-05T19:57:45","guid":{"rendered":"https:\/\/test.redpipi.com\/?post_type=product&#038;p=149570"},"modified":"2026-04-20T23:25:02","modified_gmt":"2026-04-20T22:25:02","slug":"you-me-condom-romeo","status":"publish","type":"product","link":"https:\/\/test.redpipi.com\/de\/produkt\/you-me-condom-romeo\/","title":{"rendered":"Du Ich Kondom Romeo"},"content":{"rendered":"<p>Kondome aus Naturkautschuklatex<\/p>\n<p>19 cm lang, 5,3 cm Durchmesser<\/p>\n<p>Extra geschmiert<\/p>\n<p>&nbsp;<\/p>\n<p>100% elektronisch gepr\u00fcft<\/p>\n<p>Transparent und glatt<\/p>\n<p>Kompatibel mit wasser- und silikonbasierten Gleitmitteln.<\/p>\n<p>Mit leichtem Silikon\u00f6l geschmiert.<\/p>\n<p>Spermienreservoir<\/p>\n<p>Doppelt sterile Verpackung.<\/p>\n<p>Nicht an Tieren getestet, f\u00fcr Veganer geeignet \u2013 V-LABEL-zertifiziert<\/p>\n<p>&nbsp;<\/p>\n<h2>Varianten<\/h2>\n<p>3 St\u00fcck \u2013 EAN: 8594068382519, Gewicht 15 g<\/p>\n<p>12 St\u00fcck \u2013 EAN: 8594068382526, Gewicht 45 g<\/p>\n<p>50 St\u00fcck \u2013 EAN: 8594068382915, Gewicht 150 g<\/p>\n<p>&nbsp;<\/p>\n<h2>Kondomtests in unserem Sexshop<\/h2>\n<p>+ Im Gegensatz zu No-Name-Kondomen sind sie etwas breiter, leichter anzulegen und rutschen nicht.<\/p>\n<p>\u2013 Die Kondomverpackung leuchtet oder phosphoresziert definitiv nicht im Dunkeln, wie der Hersteller behauptet.<\/p>\n<p>\u2013 Bei der Verwendung eines verbotenen <a href=\"http:\/\/fisting kr\u00e9myhttps:\/\/test.redpipi.com\/sexshop\/lubrikanty\/fisting-kremy\/\">Latex-\u00c4tzmittel<\/a> Und beim rauen Analverkehr hielt das Kondom nur 10 Minuten. Wir h\u00e4tten mehr erwartet.<\/p>\n<p>\u2013 Die Verpackung und das Kondom wirken weniger robust als bei der Premium-Schwestermarke. <a href=\"https:\/\/test.redpipi.com\/de\/produkt\/kondomy-primeros-12ks\/\">Erste<\/a>, Der Preisunterschied ist jedoch nicht signifikant.<\/p>\n<p>&nbsp;<\/p>\n<p>&nbsp;<\/p>\n<p>Gewicht: 50g<\/p>\n<p>Mindestg\u00fcltigkeitsdatum 3 Jahre<\/p>\n<p>Langj\u00e4hrig zuverl\u00e4ssiger Hersteller, PRIMEROS s.r.o., Tschechische Republik, Kondome hergestellt in Malaysia<\/p>\n<p>Zertifizierung: RoHS CE 1639, ISO 4074<\/p>\n<p>&nbsp;<\/p>\n<p>Hergestellt in Malaysia aus Naturkautschuklatex von Kleinbauern aus der Region Hat Yai (Thailand), die nachhaltig wirtschaften und so die Artenvielfalt des tropischen Regenwaldes unterst\u00fctzen. Wir kaufen den Kautschuklatex zu einem fairen Preis und \u00fcberwachen in Zusammenarbeit mit der Regenerative Rubber Initiative die Einhaltung menschenw\u00fcrdiger Arbeitsbedingungen.<\/p>\n<p>&nbsp;<\/p>\n<h2>Anweisungen<\/h2>\n<p>Siehe Beipackzettel in der Verpackung.<\/p>","protected":false},"excerpt":{"rendered":"<p>3 St\u00fcck \/ 12 St\u00fcck 50 St\u00fcck extra befeuchtete Kondome<\/p>","protected":false},"featured_media":149582,"comment_status":"open","ping_status":"closed","template":"","meta":[],"product_brand":[],"product_cat":[656],"product_tag":[],"class_list":{"0":"post-149570","1":"product","2":"type-product","3":"status-publish","4":"has-post-thumbnail","6":"product_cat-kondomy","7":"pa_size-660","8":"pa_size-659","9":"pa_size-661","11":"first","12":"instock","13":"shipping-taxable","14":"purchasable","15":"product-type-variable"},"_links":{"self":[{"href":"https:\/\/test.redpipi.com\/de\/wp-json\/wp\/v2\/product\/149570","targetHints":{"allow":["GET"]}}],"collection":[{"href":"https:\/\/test.redpipi.com\/de\/wp-json\/wp\/v2\/product"}],"about":[{"href":"https:\/\/test.redpipi.com\/de\/wp-json\/wp\/v2\/types\/product"}],"replies":[{"embeddable":true,"href":"https:\/\/test.redpipi.com\/de\/wp-json\/wp\/v2\/comments?post=149570"}],"wp:featuredmedia":[{"embeddable":true,"href":"https:\/\/test.redpipi.com\/de\/wp-json\/wp\/v2\/media\/149582"}],"wp:attachment":[{"href":"https:\/\/test.redpipi.com\/de\/wp-json\/wp\/v2\/media?parent=149570"}],"wp:term":[{"taxonomy":"product_brand","embeddable":true,"href":"https:\/\/test.redpipi.com\/de\/wp-json\/wp\/v2\/product_brand?post=149570"},{"taxonomy":"product_cat","embeddable":true,"href":"https:\/\/test.redpipi.com\/de\/wp-json\/wp\/v2\/product_cat?post=149570"},{"taxonomy":"product_tag","embeddable":true,"href":"https:\/\/test.redpipi.com\/de\/wp-json\/wp\/v2\/product_tag?post=149570"}],"curies":[{"name":"wp","href":"https:\/\/api.w.org\/{rel}","templated":true}]}}