{"id":149553,"date":"2025-12-05T19:56:57","date_gmt":"2025-12-05T18:56:57","guid":{"rendered":"https:\/\/test.redpipi.com\/?post_type=product&#038;p=149553"},"modified":"2026-04-17T14:43:45","modified_gmt":"2026-04-17T13:43:45","slug":"kondomy-primeros-12ks","status":"publish","type":"product","link":"https:\/\/test.redpipi.com\/de\/produkt\/kondomy-primeros-12ks\/","title":{"rendered":"Primeros Kondome, 12 St\u00fcck"},"content":{"rendered":"<p>12 Kondome aus Naturkautschuklatex<\/p>\n<p>100% elektronisch gepr\u00fcft<\/p>\n<p>Transparent und glatt (sofern nachfolgend nicht anders angegeben)<\/p>\n<p>Kompatibel mit wasser- und silikonbasierten Gleitmitteln.<\/p>\n<p>Mit leichtem Silikon\u00f6l geschmiert.<\/p>\n<p>Doppelt sterile Verpackung.<\/p>\n<p>Spermienreservoir<\/p>\n<p>Nicht an Tieren getestet, f\u00fcr Veganer geeignet \u2013 V-LABEL-zertifiziert<\/p>\n<p>&nbsp;<\/p>\n<h2>Varianten<\/h2>\n<p>A \u2013 Primeros Classy \u2013 19 cm L\u00e4nge, 5,4 cm Durchmesser, verl\u00e4ngerte anatomische Form, EAN: 8594068381215<\/p>\n<p>B \u2013 Primeros Innocent \u2013 19 cm L\u00e4nge, 5,3 cm Durchmesser, d\u00fcnnere Wandst\u00e4rke: 0,055 mm, EAN: 8594068383219<\/p>\n<p>C \u2013 Primeros Soft Glide \u2013 19 cm L\u00e4nge, 5,3 cm Durchmesser, extra befeuchtetes Kondom mit ultrad\u00fcnner Wandst\u00e4rke 0,055 mm, EAN: 8594068384216<\/p>\n<p>D \u2013 Primeros Passion \u2013 19 cm lang, 5,4 cm Durchmesser, mit stimulierenden Rillen, Noppen und exotischem Kokosduft, EAN: 8594068385213<\/p>\n<p>E \u2013 Primeros Safeguard \u2013 19 cm L\u00e4nge, 5,4 cm Durchmesser, extra sicher mit 0,08 mm dickerer Wandst\u00e4rke, EAN: 8594068389211<\/p>\n<p>F \u2013 Primeros The King \u2013 19 cm L\u00e4nge, 5,7 cm Durchmesser, extra breit, EAN: 8594068387217<\/p>\n<p>G \u2013 Primeros Nighthawk \u2013 19 cm L\u00e4nge, 5,4 cm Durchmesser, schwarze Kondomfarbe, EAN: 8594068382212<\/p>\n<p>&nbsp;<\/p>\n<h2>Kondomtests in unserem Sexshop<\/h2>\n<p>+ Das Kondom f\u00fchlt sich gr\u00f6\u00dfer, komfortabler und robuster an als seine Schwesterkondome von You Me.<\/p>\n<p>+ Im Gegensatz zu No-Name-Kondomen sind sie etwas breiter, leichter anzulegen und rutschen nicht.<\/p>\n<p>Die Kondomverpackung wirkt robust und hochwertig. Sie ist qualitativ hochwertiger als die der Schwestermarke You Me. Die Schachteln sind von gleicher Qualit\u00e4t.<\/p>\n<p>\u2013 Die Kondomverpackung leuchtet oder phosphoresziert definitiv nicht im Dunkeln, wie der Hersteller behauptet.<\/p>\n<p>Im Dezember 2025 werden wir den Test zur Verwendung verbotener Substanzen abschlie\u00dfen. <a href=\"http:\/\/fisting kr\u00e9myhttps:\/\/test.redpipi.com\/sexshop\/lubrikanty\/fisting-kremy\/\">Latex-\u00c4tzmittel<\/a>. Die Schwesterkondome von You Me mit der gleichen Technologie hielten nur 10 Minuten.<\/p>\n<p>&nbsp;<\/p>\n<p>&nbsp;<\/p>\n<p>Gewicht: 50g<\/p>\n<p>Mindestg\u00fcltigkeitsdatum 3 Jahre<\/p>\n<p>Langj\u00e4hrig zuverl\u00e4ssiger Hersteller, PRIMEROS s.r.o., Tschechische Republik, Kondome hergestellt in Malaysia<\/p>\n<p>Zertifizierung: RoHS CE 1639, ISO 4074<\/p>\n<p>&nbsp;<\/p>\n<p>Hergestellt in Malaysia aus Naturkautschuklatex von Kleinbauern aus der Region Hat Yai (Thailand), die nachhaltig wirtschaften und so die Artenvielfalt des tropischen Regenwaldes unterst\u00fctzen. Wir kaufen den Kautschuklatex zu einem fairen Preis und \u00fcberwachen in Zusammenarbeit mit der Regenerative Rubber Initiative die Einhaltung menschenw\u00fcrdiger Arbeitsbedingungen.<\/p>\n<p>&nbsp;<\/p>\n<h2>Anweisungen<\/h2>\n<p>Siehe Beipackzettel in der Verpackung.<\/p>","protected":false},"excerpt":{"rendered":"<p>Primeros Kondome<\/p>","protected":false},"featured_media":149562,"comment_status":"open","ping_status":"closed","template":"","meta":[],"product_brand":[],"product_cat":[656],"product_tag":[],"class_list":{"0":"post-149553","1":"product","2":"type-product","3":"status-publish","4":"has-post-thumbnail","6":"product_cat-kondomy","8":"first","9":"instock","10":"shipping-taxable","11":"purchasable","12":"product-type-variable"},"_links":{"self":[{"href":"https:\/\/test.redpipi.com\/de\/wp-json\/wp\/v2\/product\/149553","targetHints":{"allow":["GET"]}}],"collection":[{"href":"https:\/\/test.redpipi.com\/de\/wp-json\/wp\/v2\/product"}],"about":[{"href":"https:\/\/test.redpipi.com\/de\/wp-json\/wp\/v2\/types\/product"}],"replies":[{"embeddable":true,"href":"https:\/\/test.redpipi.com\/de\/wp-json\/wp\/v2\/comments?post=149553"}],"wp:featuredmedia":[{"embeddable":true,"href":"https:\/\/test.redpipi.com\/de\/wp-json\/wp\/v2\/media\/149562"}],"wp:attachment":[{"href":"https:\/\/test.redpipi.com\/de\/wp-json\/wp\/v2\/media?parent=149553"}],"wp:term":[{"taxonomy":"product_brand","embeddable":true,"href":"https:\/\/test.redpipi.com\/de\/wp-json\/wp\/v2\/product_brand?post=149553"},{"taxonomy":"product_cat","embeddable":true,"href":"https:\/\/test.redpipi.com\/de\/wp-json\/wp\/v2\/product_cat?post=149553"},{"taxonomy":"product_tag","embeddable":true,"href":"https:\/\/test.redpipi.com\/de\/wp-json\/wp\/v2\/product_tag?post=149553"}],"curies":[{"name":"wp","href":"https:\/\/api.w.org\/{rel}","templated":true}]}}