{"id":149398,"date":"2025-11-23T10:10:36","date_gmt":"2025-11-23T09:10:36","guid":{"rendered":"https:\/\/test.redpipi.com\/?post_type=product&#038;p=149398"},"modified":"2026-04-20T23:25:01","modified_gmt":"2026-04-20T22:25:01","slug":"doer-medicalaqua-hyaluron-panthenol-100ml","status":"publish","type":"product","link":"https:\/\/test.redpipi.com\/de\/produkt\/doer-medicalaqua-hyaluron-panthenol-100ml\/","title":{"rendered":"Doer Medical Aqua \u2013 Hyaluron Panthenol 100 ml"},"content":{"rendered":"<p>Gleitmittel ohne Duftstoffe.<\/p>\n<p>Intimgel auf Wasserbasis mit feuchtigkeitsspendendem Hyaluron und regenerierendem Panthenol f\u00fcr zus\u00e4tzliche Pflege und Schutz f\u00fcr beide Partner. Ohne Duft- und Farbstoffe, geruchsneutral, pH-Wert an die Bed\u00fcrfnisse der Vaginalflora angepasst.<\/p>\n<p>Panthenol und Hyaluron helfen laut Hersteller bei der Heilung kleiner Verletzungen der Schleimhaut.<\/p>\n<p>&nbsp;<\/p>\n<p><strong>Test von Doer Medical Aqua \u2013 Hyaluron Panthenol<\/strong><\/p>\n<p>+ Leicht heilende Wirkung f\u00fcr eine begrenzte Zeit, w\u00e4hrend der das Gel auf dem Gewebe verbleibt.<\/p>\n<p>+ Brennt nicht in der Vagina und im Anus.<\/p>\n<p><strong>Fazit:<\/strong> Bei einem relativ durchschnittlichen Preis bietet dieses Gleitmittel einen Mehrwert durch seine heilende Wirkung und das Fehlen von Brennen.<\/p>\n<p>&nbsp;<\/p>\n<p>&nbsp;<\/p>\n<p>Hersteller: Doer Medical Cosmetis, Deutschland, EAN: 4035223692363<\/p>\n<p>100 ml, 120 g<\/p>\n<p>Es gibt keine Haltbarkeitsbeschr\u00e4nkung.<\/p>","protected":false},"excerpt":{"rendered":"<p>Heilendes Gleitmittel 100 ml auf Wasserbasis<\/p>","protected":false},"featured_media":149408,"comment_status":"open","ping_status":"closed","template":"","meta":[],"product_brand":[],"product_cat":[608],"product_tag":[],"class_list":{"0":"post-149398","1":"product","2":"type-product","3":"status-publish","4":"has-post-thumbnail","6":"product_cat-lubrikanty-bezny-sex","8":"first","9":"instock","10":"shipping-taxable","11":"purchasable","12":"product-type-simple"},"_links":{"self":[{"href":"https:\/\/test.redpipi.com\/de\/wp-json\/wp\/v2\/product\/149398","targetHints":{"allow":["GET"]}}],"collection":[{"href":"https:\/\/test.redpipi.com\/de\/wp-json\/wp\/v2\/product"}],"about":[{"href":"https:\/\/test.redpipi.com\/de\/wp-json\/wp\/v2\/types\/product"}],"replies":[{"embeddable":true,"href":"https:\/\/test.redpipi.com\/de\/wp-json\/wp\/v2\/comments?post=149398"}],"wp:featuredmedia":[{"embeddable":true,"href":"https:\/\/test.redpipi.com\/de\/wp-json\/wp\/v2\/media\/149408"}],"wp:attachment":[{"href":"https:\/\/test.redpipi.com\/de\/wp-json\/wp\/v2\/media?parent=149398"}],"wp:term":[{"taxonomy":"product_brand","embeddable":true,"href":"https:\/\/test.redpipi.com\/de\/wp-json\/wp\/v2\/product_brand?post=149398"},{"taxonomy":"product_cat","embeddable":true,"href":"https:\/\/test.redpipi.com\/de\/wp-json\/wp\/v2\/product_cat?post=149398"},{"taxonomy":"product_tag","embeddable":true,"href":"https:\/\/test.redpipi.com\/de\/wp-json\/wp\/v2\/product_tag?post=149398"}],"curies":[{"name":"wp","href":"https:\/\/api.w.org\/{rel}","templated":true}]}}