{"id":149092,"date":"2025-11-01T14:05:36","date_gmt":"2025-11-01T13:05:36","guid":{"rendered":"https:\/\/test.redpipi.com\/?post_type=product&#038;p=149092"},"modified":"2026-04-22T06:29:00","modified_gmt":"2026-04-22T05:29:00","slug":"rainbow-wawe-metalic-dilator-13cm","status":"publish","type":"product","link":"https:\/\/test.redpipi.com\/de\/produkt\/rainbow-wawe-metalic-dilator-13cm\/","title":{"rendered":"Regenbogen Wawe Metallischer Dilatator 13cm"},"content":{"rendered":"<p class=\"western\" style=\"text-align: justify;\">Der Dilatator ist voll und dehnt sich langsam aus.<\/p>\n<p>Sehr intensive Empfindungen beim Einf\u00fchren der einzelnen Kerben in die Harnr\u00f6hre.<\/p>\n<p>Das Ende des Harnr\u00f6hrendilators erweckt den Eindruck des Durchstechens, verhindert das Stechen und stimuliert auch den anderen Partner.<\/p>\n<p><strong>5 Jahre Garantie<\/strong><\/p>\n<p>Jde o relativn\u011b drah\u00fd dilator, ale kvalita zpracov\u00e1n\u00ed, povrchov\u00e9 \u00fapravy a designu tomu odpov\u00edd\u00e1.<\/p>\n<p>&nbsp;<\/p>\n<h2>Varianten:<\/h2>\n<p>L\u00e4nge 13cm, Durchmesser:<\/p>\n<p>S 5-8 mm, 31 g - gr\u00fcn auf der einen Seite, rosa-violett auf der anderen Seite<\/p>\n<p>M 7-10 mm, 54 g - gr\u00fcn auf der einen Seite, rosa-violett auf der anderen Seite<\/p>\n<p>L 8-11 mm, 71 g - gr\u00fcn auf der einen Seite, rosa-violett auf der anderen Seite<\/p>\n<p>D 8-11 mm, 71 g - gr\u00fcn auf einer Seite, t\u00fcrkis auf der anderen Seite<\/p>\n<p>Material: rostfreier Stahl<\/p>\n<p>Hersteller, <a href=\"https:\/\/test.redpipi.com\/de\/uretalni-hratky-zavadeni-do-mocove-trubice-naplnovani-mocoveho-mechyre\/\">mehr sehen <\/a><a href=\"https:\/\/test.redpipi.com\/de\/uretalni-hratky\/\">Harnr\u00f6hrenspiel<\/a><\/p>","protected":false},"excerpt":{"rendered":"<p>Dilator metallische Farbe<\/p>","protected":false},"featured_media":149097,"comment_status":"open","ping_status":"closed","template":"","meta":[],"product_brand":[],"product_cat":[62],"product_tag":[],"class_list":{"0":"post-149092","1":"product","2":"type-product","3":"status-publish","4":"has-post-thumbnail","6":"product_cat-uretalni-dilatory","7":"pa_brand-funny-steel","8":"pa_material-metal","9":"pa_size-d","10":"pa_size-l","11":"pa_size-m","12":"pa_size-s","13":"pa_special-5y-warranty","15":"first","16":"instock","17":"sale","18":"shipping-taxable","19":"purchasable","20":"product-type-variable"},"_links":{"self":[{"href":"https:\/\/test.redpipi.com\/de\/wp-json\/wp\/v2\/product\/149092","targetHints":{"allow":["GET"]}}],"collection":[{"href":"https:\/\/test.redpipi.com\/de\/wp-json\/wp\/v2\/product"}],"about":[{"href":"https:\/\/test.redpipi.com\/de\/wp-json\/wp\/v2\/types\/product"}],"replies":[{"embeddable":true,"href":"https:\/\/test.redpipi.com\/de\/wp-json\/wp\/v2\/comments?post=149092"}],"wp:featuredmedia":[{"embeddable":true,"href":"https:\/\/test.redpipi.com\/de\/wp-json\/wp\/v2\/media\/149097"}],"wp:attachment":[{"href":"https:\/\/test.redpipi.com\/de\/wp-json\/wp\/v2\/media?parent=149092"}],"wp:term":[{"taxonomy":"product_brand","embeddable":true,"href":"https:\/\/test.redpipi.com\/de\/wp-json\/wp\/v2\/product_brand?post=149092"},{"taxonomy":"product_cat","embeddable":true,"href":"https:\/\/test.redpipi.com\/de\/wp-json\/wp\/v2\/product_cat?post=149092"},{"taxonomy":"product_tag","embeddable":true,"href":"https:\/\/test.redpipi.com\/de\/wp-json\/wp\/v2\/product_tag?post=149092"}],"curies":[{"name":"wp","href":"https:\/\/api.w.org\/{rel}","templated":true}]}}