{"id":149053,"date":"2025-11-03T13:11:56","date_gmt":"2025-11-03T12:11:56","guid":{"rendered":"https:\/\/test.redpipi.com\/?post_type=product&#038;p=149053"},"modified":"2026-04-21T11:06:03","modified_gmt":"2026-04-21T10:06:03","slug":"roztomilous-svitici-dildo","status":"publish","type":"product","link":"https:\/\/test.redpipi.com\/de\/produkt\/roztomilous-svitici-dildo\/","title":{"rendered":"Niedlicher Leuchtdildo 18*5,5cm Faak AW13"},"content":{"rendered":"<p>S\u00fc\u00dfes lumineszierendes Dildo<\/p>\n<p>&nbsp;<\/p>\n<h2>Von der Pr\u00fcfung von Cute<\/h2>\n<p>+ Mehrere Stufen der Dildo-Erweiterung f\u00fcr eine intensivere sexuelle Erfahrung und Erregung. Geeignet f\u00fcr ein verzweifeltes Training und intensiv zur gleichen Zeit.<\/p>\n<p>+ Saugnapf-Vorspr\u00fcnge reizen die Klitoris<\/p>\n<p>+ Realistisch geformter Harnr\u00f6hreneingang.<\/p>\n<p>+ Lumineszenz und Farben sind gro\u00dfartig.<\/p>\n<p>+ Saugnapf unten<\/p>\n<p><strong>\u00a0+5 Jahre Garantie<\/strong><\/p>\n<p>Fazit: Das wird ein Favorit sein. Ein sch\u00f6nes, s\u00fc\u00dfes Geschenk f\u00fcr eine Freundin, die Angst vor Sexspielzeug hat.<\/p>\n<p>&nbsp;<\/p>\n<p>&nbsp;<\/p>\n<h2>Lumineszenz-Dildos<\/h2>\n<p>Der Dildo kann 15 Jahre lang wiederholt mit Tageslicht oder Kunstlicht beleuchtet werden. Der Dildo leuchtet je nach Lichtintensit\u00e4t bis zu 5 Stunden lang.<\/p>\n<p>Abnahme der Dilda-Lumineszenz im Laufe der Zeit, wenn sie im Dunkeln steht:<\/p>\n<p>nach 30 Minuten auf 50%<\/p>\n<p>nach 1 Std. auf 25%<\/p>\n<p>nach 2 Stunden bei 12.5%<\/p>\n<p>nach 4 Stunden auf 10%<\/p>\n<p>Bemerkung: <strong>Fluoreszierend, leuchtend, phosphoreszierend, leuchtend und leuchtend<\/strong> bedeutet in unseren Beschreibungen das Gleiche.<\/p>\n<h2><\/h2>\n<p>Ich frage mich, wie Deeple Sweetcute \u00fcbersetzen wird :)))<\/p>\n<p>&nbsp;<\/p>\n<h2>Technische Merkmale<\/h2>\n<p>L\u00e4nge 18cm, Durchmesser oberhalb des Saugnapfes (Bulbus) 5,5cm, unterhalb der Eichel 4,5cm<\/p>\n<p><a href=\"\/de\/mekke-dilda-mekkost-dild\/\">Sanftheit<\/a>: 16 H0 (%)<\/p>\n<p>Material: <a href=\"https:\/\/test.redpipi.com\/de\/sex-toys-materials\/\">Fl\u00fcssigsilikon<\/a>, Hersteller Faak, CE zertifiziert, YC-2143 AW13<\/p>\n<p>Gewicht: 355g<\/p>\n<p>Vollfarbiges Silikon. Es handelt sich nicht um eine Oberfl\u00e4chenbemalung. Die Farbe kann nicht abgewaschen oder abgerieben werden.<\/p>\n<h2>Farben<\/h2>\n<p>Vollfarbiges Silikon. Es handelt sich nicht um eine Oberfl\u00e4chenbemalung. Die Farbe kann nicht abgewaschen oder abgerieben werden.<\/p>\n<p>Die Farben der Dildos sind satt und naturgetreu. Die Farben bleiben im Wesentlichen dort, wo sie vorgesehen sind, k\u00f6nnen aber leicht variieren. Zum Beispiel, irgendwo in der Mischung des gleichen Produkts, ein wenig mehr von einer der Farben kommt an die Oberfl\u00e4che auf Kosten der anderen Farbe. Alle mit dieser Technologie hergestellten Dildos sehen jedoch sehr gut aus.<\/p>","protected":false},"excerpt":{"rendered":"<p>Niedlicher gl\u00fchender Dildo<\/p>","protected":false},"featured_media":149054,"comment_status":"open","ping_status":"closed","template":"","meta":[],"product_brand":[],"product_cat":[643],"product_tag":[],"class_list":{"0":"post-149053","1":"product","2":"type-product","3":"status-publish","4":"has-post-thumbnail","6":"product_cat-zvireci-fantasy-dilda","7":"pa_brand-faak","8":"pa_diametr-41-50mm","9":"pa_hardness-mekke-jako-sval-10-20hc","10":"pa_material-silicone-liquid","11":"pa_special-5y-warranty","12":"pa_special-luminescence","14":"first","15":"instock","16":"shipping-taxable","17":"purchasable","18":"product-type-simple"},"_links":{"self":[{"href":"https:\/\/test.redpipi.com\/de\/wp-json\/wp\/v2\/product\/149053","targetHints":{"allow":["GET"]}}],"collection":[{"href":"https:\/\/test.redpipi.com\/de\/wp-json\/wp\/v2\/product"}],"about":[{"href":"https:\/\/test.redpipi.com\/de\/wp-json\/wp\/v2\/types\/product"}],"replies":[{"embeddable":true,"href":"https:\/\/test.redpipi.com\/de\/wp-json\/wp\/v2\/comments?post=149053"}],"wp:featuredmedia":[{"embeddable":true,"href":"https:\/\/test.redpipi.com\/de\/wp-json\/wp\/v2\/media\/149054"}],"wp:attachment":[{"href":"https:\/\/test.redpipi.com\/de\/wp-json\/wp\/v2\/media?parent=149053"}],"wp:term":[{"taxonomy":"product_brand","embeddable":true,"href":"https:\/\/test.redpipi.com\/de\/wp-json\/wp\/v2\/product_brand?post=149053"},{"taxonomy":"product_cat","embeddable":true,"href":"https:\/\/test.redpipi.com\/de\/wp-json\/wp\/v2\/product_cat?post=149053"},{"taxonomy":"product_tag","embeddable":true,"href":"https:\/\/test.redpipi.com\/de\/wp-json\/wp\/v2\/product_tag?post=149053"}],"curies":[{"name":"wp","href":"https:\/\/api.w.org\/{rel}","templated":true}]}}