{"id":148996,"date":"2025-10-28T12:06:12","date_gmt":"2025-10-28T11:06:12","guid":{"rendered":"https:\/\/test.redpipi.com\/?post_type=product&#038;p=148996"},"modified":"2026-03-26T16:17:20","modified_gmt":"2026-03-26T15:17:20","slug":"dlouhy-kovovovy-analni-kolik-br3-rainbow","status":"publish","type":"product","link":"https:\/\/test.redpipi.com\/de\/produkt\/dlouhy-kovovovy-analni-kolik-br3-rainbow\/","title":{"rendered":"Langer Metall-Analplug 14*2,6cm BR3 Regenbogen"},"content":{"rendered":"<p class=\"western\" style=\"text-align: justify;\">Langer Metall-Analplug f\u00fcr jedes Arschloch<\/p>\n<p class=\"western\" style=\"text-align: justify;\">Durchmesser 3,5 cm (rund um den Stein), 2,6 cm (gr\u00f6\u00dfte Kugel), L\u00e4nge 14 cm<\/p>\n<p>&nbsp;<\/p>\n<p>5 Jahre Garantie<\/p>\n<h2>Varianten<\/h2>\n<p>Rosa<\/p>\n<p>Glas (transparent)<\/p>\n<p>Rot<\/p>\n<p>gr\u00fcn (es ist schrecklich)<\/p>\n<p>&nbsp;<\/p>\n<p class=\"western\">Hersteller Funny Steel, Serien-Nr. AP-AL-3BR<\/p>\n<p class=\"western\">Zinklegierung, Chrom, Gewicht 106g<\/p>","protected":false},"excerpt":{"rendered":"<p>Langer Analplug aus Metall<\/p>","protected":false},"featured_media":149005,"comment_status":"open","ping_status":"closed","template":"","meta":[],"product_brand":[],"product_cat":[25,595],"product_tag":[],"class_list":{"0":"post-148996","1":"product","2":"type-product","3":"status-publish","4":"has-post-thumbnail","6":"product_cat-analni-koliky","7":"product_cat-vyprodej","8":"pa_brand-funny-steel","9":"pa_color-red","10":"pa_color-pink","11":"pa_color-sklenena","12":"pa_color-zelena","13":"pa_diametr-31-40mm","14":"pa_hardness-velmi-tvrde","15":"pa_material-silicone","17":"first","18":"instock","19":"sale","20":"shipping-taxable","21":"purchasable","22":"product-type-variable"},"_links":{"self":[{"href":"https:\/\/test.redpipi.com\/de\/wp-json\/wp\/v2\/product\/148996","targetHints":{"allow":["GET"]}}],"collection":[{"href":"https:\/\/test.redpipi.com\/de\/wp-json\/wp\/v2\/product"}],"about":[{"href":"https:\/\/test.redpipi.com\/de\/wp-json\/wp\/v2\/types\/product"}],"replies":[{"embeddable":true,"href":"https:\/\/test.redpipi.com\/de\/wp-json\/wp\/v2\/comments?post=148996"}],"wp:featuredmedia":[{"embeddable":true,"href":"https:\/\/test.redpipi.com\/de\/wp-json\/wp\/v2\/media\/149005"}],"wp:attachment":[{"href":"https:\/\/test.redpipi.com\/de\/wp-json\/wp\/v2\/media?parent=148996"}],"wp:term":[{"taxonomy":"product_brand","embeddable":true,"href":"https:\/\/test.redpipi.com\/de\/wp-json\/wp\/v2\/product_brand?post=148996"},{"taxonomy":"product_cat","embeddable":true,"href":"https:\/\/test.redpipi.com\/de\/wp-json\/wp\/v2\/product_cat?post=148996"},{"taxonomy":"product_tag","embeddable":true,"href":"https:\/\/test.redpipi.com\/de\/wp-json\/wp\/v2\/product_tag?post=148996"}],"curies":[{"name":"wp","href":"https:\/\/api.w.org\/{rel}","templated":true}]}}