{"id":148634,"date":"2025-10-31T08:44:06","date_gmt":"2025-10-31T07:44:06","guid":{"rendered":"https:\/\/test.redpipi.com\/?post_type=product&#038;p=148634"},"modified":"2026-04-21T21:11:56","modified_gmt":"2026-04-21T20:11:56","slug":"nafukovaci-strikaci-dildo-maniac","status":"publish","type":"product","link":"https:\/\/test.redpipi.com\/de\/produkt\/nafukovaci-strikaci-dildo-maniac\/","title":{"rendered":"Maniac Aufblasbarer Spr\u00fchdildo 20 x 5 - 9,5 cm Faak 5014"},"content":{"rendered":"<p>Der aufblasbare und spritzende Dildo vergr\u00f6\u00dfert sich im Durchmesser, wenn er aufgeblasen wird (siehe unten) und erm\u00f6glicht es Ihnen, das Gef\u00fchl zu erleben, als w\u00fcrde ein Penis in Ihre Vagina, Ihren Anus oder Ihren Mund geschossen.<\/p>\n<p>Video <a href=\"\/wp-content\/uploads\/2025\/09\/maniac-inflatable-squirt-dildo-CQZS501-4-Faak-12.mp4\">Cesar Aufblasbarer und squirtender Dildo<\/a> 3MB<\/p>\n<p>&nbsp;<\/p>\n<h2>Pr\u00fcfung des aufblasbaren Dildos<\/h2>\n<p>+ Inflation verst\u00e4rkt das Gef\u00fchl der Unterw\u00fcrfigkeit beim Nutzer und das Gef\u00fchl der Dominanz beim Beobachter.<\/p>\n<p>+ Mit dem Innenrohr der Spritze oder dem Sp\u00fclballon k\u00f6nnen Sie auch leicht Wasser, Gleitmittel oder andere Fl\u00fcssigkeiten durch den Dildo spritzen.<\/p>\n<p>+ Nahezu ideale Weichheit.<\/p>\n<p>Der Schlauch verheddert sich nicht und ist au\u00dferdem weich. Er h\u00e4lt eine lange Zeit.<\/p>\n<p>+ Neu f\u00fcr 2025: Realistischer aufblasbarer Squirting-Dildo, der bisher auf dem Markt war.<\/p>\n<p>- Der Dildo bl\u00e4ht sich nur an der Unterseite oberhalb der Hoden auf. Er neigt dazu, beim Aufblasen herauszurutschen und muss zu Beginn des Aufblasens ganz hineingesteckt und sogar voraufgeblasen werden, damit er in der Vagina oder im Anus h\u00e4lt.<\/p>\n<p>-Hoher Preis.<\/p>\n<p><strong>Fazit:<\/strong> Multifunktionaler aufblasbarer Squirting-Dildo der Spitzenklasse. Der hohe Preis entspricht unserer Meinung nach jedoch nicht ganz dem Mehrwert.<\/p>\n<p>&nbsp;<\/p>\n<h2>Technische Merkmale und Hersteller:<\/h2>\n<p>Abmessungen: 20cm x 5cm, Durchmesser 9cm im aufgeblasenen Zustand<\/p>\n<p><a href=\"\/de\/mekke-dilda-mekkost-dild\/\">Weichheit des Dildos<\/a>12 Ho (%), ideal - zieht sich zusammen und dehnt sich im K\u00f6rper aus, w\u00e4hrend es das innere Gewebe massiert<\/p>\n<p>Material: <a href=\"https:\/\/test.redpipi.com\/de\/sex-toys-materials\/\">Fl\u00fcssigsilikon<\/a><\/p>\n<p>Gewicht: 635g<\/p>\n<p>Hersteller:Faak CE-Zertifizierung, Seriennummer ADLCQZS501 4<\/p>\n<p>&nbsp;<\/p>\n<h2>Farben<\/h2>\n<p>Vollfarbiges Silikon. Es handelt sich nicht um einen Oberfl\u00e4chenanstrich. Die Farbe kann nicht abgewaschen oder abgerieben werden. Die Farben sind satt und naturgetreu. Farbverteilung und -verh\u00e4ltnis k\u00f6nnen leicht variieren.<\/p>\n<p>&nbsp;<\/p>\n<h2>Anweisungen<\/h2>\n<p>Drehen Sie das Ventil nach links. Aufpumpen. Maximal 15 Aufblasvorg\u00e4nge. Beenden Sie den Vorgang, wenn Sie das Gef\u00fchl haben, dass der Ballon nicht mehr aufbl\u00e4st. Drehen Sie das Ventil nach rechts, um die Luft abzulassen.<\/p>\n<p>Wenn Sie eine andere Fl\u00fcssigkeit als Wasser verwenden, sp\u00fclen Sie den Fl\u00fcssigkeitsschlauch nach dem Gebrauch ordnungsgem\u00e4\u00df mit Wasser.<\/p>","protected":false},"excerpt":{"rendered":"<p>Multifunktionaler aufblasbarer Squirting-Dildo der Spitzenklasse.<\/p>","protected":false},"featured_media":148636,"comment_status":"open","ping_status":"closed","template":"","meta":[],"product_brand":[],"product_cat":[642],"product_tag":[],"class_list":{"0":"post-148634","1":"product","2":"type-product","3":"status-publish","4":"has-post-thumbnail","6":"product_cat-mekke-dilda","7":"pa_brand-faak","8":"pa_diametr-51-60mm","9":"pa_diametr-61-120mm","10":"pa_hardness-mekke-jako-sval-10-20hc","11":"pa_material-silicone-liquid","12":"pa_special-5y-warranty","13":"pa_special-jine","14":"pa_special-waterresist","16":"first","17":"instock","18":"shipping-taxable","19":"purchasable","20":"product-type-simple"},"_links":{"self":[{"href":"https:\/\/test.redpipi.com\/de\/wp-json\/wp\/v2\/product\/148634","targetHints":{"allow":["GET"]}}],"collection":[{"href":"https:\/\/test.redpipi.com\/de\/wp-json\/wp\/v2\/product"}],"about":[{"href":"https:\/\/test.redpipi.com\/de\/wp-json\/wp\/v2\/types\/product"}],"replies":[{"embeddable":true,"href":"https:\/\/test.redpipi.com\/de\/wp-json\/wp\/v2\/comments?post=148634"}],"wp:featuredmedia":[{"embeddable":true,"href":"https:\/\/test.redpipi.com\/de\/wp-json\/wp\/v2\/media\/148636"}],"wp:attachment":[{"href":"https:\/\/test.redpipi.com\/de\/wp-json\/wp\/v2\/media?parent=148634"}],"wp:term":[{"taxonomy":"product_brand","embeddable":true,"href":"https:\/\/test.redpipi.com\/de\/wp-json\/wp\/v2\/product_brand?post=148634"},{"taxonomy":"product_cat","embeddable":true,"href":"https:\/\/test.redpipi.com\/de\/wp-json\/wp\/v2\/product_cat?post=148634"},{"taxonomy":"product_tag","embeddable":true,"href":"https:\/\/test.redpipi.com\/de\/wp-json\/wp\/v2\/product_tag?post=148634"}],"curies":[{"name":"wp","href":"https:\/\/api.w.org\/{rel}","templated":true}]}}