{"id":148606,"date":"2025-10-30T10:44:03","date_gmt":"2025-10-30T09:44:03","guid":{"rendered":"https:\/\/test.redpipi.com\/?post_type=product&#038;p=148606"},"modified":"2026-04-21T21:11:28","modified_gmt":"2026-04-21T20:11:28","slug":"dildo-velke-chapadlo","status":"publish","type":"product","link":"https:\/\/test.redpipi.com\/de\/produkt\/dildo-velke-chapadlo\/","title":{"rendered":"Dildo Gro\u00dfer Tentakel"},"content":{"rendered":"<p>Dildo und Analplug in Form eines Tentakels<\/p>\n<p>5 Jahre Garantie<\/p>\n<p>&nbsp;<\/p>\n<h2>Pr\u00fcfung eines langen Tentakels f\u00fcr Vagina oder Anal<\/h2>\n<p>+ Intensives, allm\u00e4hliches Dehnen (bis zur Faust in gr\u00f6\u00dferen Gr\u00f6\u00dfen)<\/p>\n<p>+ Intensive Tiefe<\/p>\n<p>+ Saugn\u00e4pfe massieren sanft<\/p>\n<p>+ Design<\/p>\n<p>+ in unserer benutzerdefinierten Weichheit ist es wirklich gut<\/p>\n<p>&nbsp;<\/p>\n<h2>Varianten<\/h2>\n<p>S - 28 cm x 3,6 cm, Gewicht: 170 g<\/p>\n<p>M - 35 cm x 4,7 cm, Gewicht: 335 g<\/p>\n<p>L - 45 cm x 5,7 cm, Gewicht: 695 g<\/p>\n<p>XL - 55 cm x 6,5 cm, Gewicht: 1067 g<\/p>\n<p>XXL - 63 cm x 7,9 cm, Gewicht: 1757 g<\/p>\n<p>&nbsp;<\/p>\n<h2>Technische Merkmale<strong><br \/>\n<\/strong><\/h2>\n<p>Material: hochelastisch weich <a href=\"https:\/\/test.redpipi.com\/de\/sex-toys-materials\/\">Fl\u00fcssigsilikon<\/a><\/p>\n<p><a href=\"https:\/\/test.redpipi.com\/de\/proper-sex-toy\/\">ideale Weichheit<\/a>7 HC (%) - verh\u00e4lt sich wie menschliches Gewebe im K\u00f6rper (Weichheit ist kundenspezifisch - 1\/3 des Markt- und Herstellerstandards)<\/p>\n<p>Hersteller Faak, CE-Zertifizierung, Seriennummer. PWS 2155<\/p>\n<p>&nbsp;<\/p>\n<h2>Farben<\/h2>\n<p>Vollfarbiges Silikon. Es handelt sich nicht um eine Oberfl\u00e4chenf\u00e4rbung. Die Farbe kann nicht abgewaschen oder abgerieben werden. Die Farben sind satt und bildgetreu.<\/p>","protected":false},"excerpt":{"rendered":"<p>Dildo und Analplug in Form eines Tentakels<\/p>","protected":false},"featured_media":148612,"comment_status":"open","ping_status":"closed","template":"","meta":[],"product_brand":[],"product_cat":[25,267,643],"product_tag":[],"class_list":{"0":"post-148606","1":"product","2":"type-product","3":"status-publish","4":"has-post-thumbnail","6":"product_cat-analni-koliky","7":"product_cat-redpipi-design","8":"product_cat-zvireci-fantasy-dilda","9":"pa_brand-faak","10":"pa_diametr-31-40mm","11":"pa_diametr-41-50mm","12":"pa_diametr-51-60mm","13":"pa_diametr-61-120mm","14":"pa_hardness-mekke-ideal-5-10hc","15":"pa_material-silicone-liquid","16":"pa_size-l","17":"pa_size-m","18":"pa_size-s","19":"pa_size-xl","20":"pa_size-xxl","22":"first","23":"instock","24":"shipping-taxable","25":"purchasable","26":"product-type-variable"},"_links":{"self":[{"href":"https:\/\/test.redpipi.com\/de\/wp-json\/wp\/v2\/product\/148606","targetHints":{"allow":["GET"]}}],"collection":[{"href":"https:\/\/test.redpipi.com\/de\/wp-json\/wp\/v2\/product"}],"about":[{"href":"https:\/\/test.redpipi.com\/de\/wp-json\/wp\/v2\/types\/product"}],"replies":[{"embeddable":true,"href":"https:\/\/test.redpipi.com\/de\/wp-json\/wp\/v2\/comments?post=148606"}],"wp:featuredmedia":[{"embeddable":true,"href":"https:\/\/test.redpipi.com\/de\/wp-json\/wp\/v2\/media\/148612"}],"wp:attachment":[{"href":"https:\/\/test.redpipi.com\/de\/wp-json\/wp\/v2\/media?parent=148606"}],"wp:term":[{"taxonomy":"product_brand","embeddable":true,"href":"https:\/\/test.redpipi.com\/de\/wp-json\/wp\/v2\/product_brand?post=148606"},{"taxonomy":"product_cat","embeddable":true,"href":"https:\/\/test.redpipi.com\/de\/wp-json\/wp\/v2\/product_cat?post=148606"},{"taxonomy":"product_tag","embeddable":true,"href":"https:\/\/test.redpipi.com\/de\/wp-json\/wp\/v2\/product_tag?post=148606"}],"curies":[{"name":"wp","href":"https:\/\/api.w.org\/{rel}","templated":true}]}}