{"id":148602,"date":"2025-10-31T10:18:20","date_gmt":"2025-10-31T09:18:20","guid":{"rendered":"https:\/\/test.redpipi.com\/?post_type=product&#038;p=148602"},"modified":"2026-04-18T12:26:00","modified_gmt":"2026-04-18T11:26:00","slug":"dusici-roubik-realisticky-penis","status":"publish","type":"product","link":"https:\/\/test.redpipi.com\/de\/produkt\/dusici-roubik-realisticky-penis\/","title":{"rendered":"W\u00fcrgeknebel realistischer Penis"},"content":{"rendered":"<p>W\u00fcrgeknebel in Form eines realistischen Penis<\/p>\n<p>Kann auch f\u00fcr die Vagina oder als Analplug verwendet werden<\/p>\n<p>F\u00fcr alle Kopfgr\u00f6\u00dfen<\/p>\n<p>&nbsp;<\/p>\n<h2>Von Redpipi-Tests<\/h2>\n<p>+ Wirklich massiv und intensiv<\/p>\n<p>+ L\u00f6st sofort W\u00fcrgereiz, W\u00fcrgen und Panik aus. Wirklich nur f\u00fcr die ganz Hartgesottenen und Trainierten, die mit einem tiefen Rachen umgehen k\u00f6nnen!<\/p>\n<p>+ Visuelle und realistische Farben<\/p>\n<p>+ Im Vergleich zu normalen Silikonknebeln ist dieses weiche, realistische Material angenehmer<\/p>\n<p>+ Neu 10\/2025 Es gab noch keinen weichen und realistischen W\u00fcrgeknebel auf dem Markt.<\/p>\n<p>+Der G\u00fcrtel ist aus hochwertigem Kunstleder gefertigt und der Nietenverschluss ist schnell und flexibel.<\/p>\n<p>&nbsp;<\/p>\n<p><strong>Tipps:<\/strong> Paradoxerweise wird es vielen wahrscheinlich leichter fallen, durch den Mund zu atmen als durch die Nase.<\/p>\n<p>Wenn es Ihnen zu gro\u00df ist, versuchen Sie, es mit einer Schere zu schneiden. Das bringt zwar das Bild durcheinander, aber es wird brauchbar sein.<\/p>\n<p>Bei wiederholtem Einsatz in Ruhe war es bereits m\u00f6glich, sie zu lockern, aber nicht zu straffen. Versuchen Sie es allm\u00e4hlich, f\u00fcr eine kurze Zeit und in Ruhe.<\/p>\n<p>&nbsp;<\/p>\n<p><strong>Fazit:<\/strong> Intensiv, aber nur f\u00fcr diejenigen, die schrittweise trainieren wollen oder f\u00fcr diejenigen, die tief einatmen k\u00f6nnen. Gew\u00f6hnliche Menschen werden es nur teilweise umsetzen k\u00f6nnen und es wird sie nicht verpflichten.<\/p>\n<p>&nbsp;<\/p>\n<h2>Varianten<\/h2>\n<p>Typ 1 links, L\u00e4nge 13 * 5,3cm Durchmesser, Gewicht 310 g, Best.-Nr. S8605-K<\/p>\n<p>Typ 2 rechts, L\u00e4nge 14,7 * 5,3cm Durchmesser und 5,4 cm (von vorne nach hinten), Gewicht 380 g, Best.-Nr. S8609-K<\/p>\n<p>&nbsp;<\/p>\n<h2>Technische Merkmale<strong><br \/>\n<\/strong><\/h2>\n<p>Material: <a href=\"https:\/\/test.redpipi.com\/de\/sex-toys-materials\/\">Fl\u00fcssigsilikon<\/a><\/p>\n<p><a href=\"https:\/\/test.redpipi.com\/de\/mekke-dilda-mekkost-dild\/\">ideale Weichheit<\/a>19 H0 (%) - wirkt wie menschliches Gewebe im K\u00f6rper<\/p>\n<p>Hersteller Faak, CE zertifiziert<\/p>\n<p>&nbsp;<\/p>\n<h2>Farben<\/h2>\n<p>Vollfarbiges Silikon. Es handelt sich nicht um eine Oberfl\u00e4chenf\u00e4rbung. Die Farbe kann nicht abgewaschen oder abgerieben werden. Die Farben sind satt und bildgetreu.<\/p>\n<p>&nbsp;<\/p>\n<h2>Anweisungen<\/h2>\n<p>Nicht als Knebel bei Personen mit eingeschr\u00e4nkter Atmungsf\u00e4higkeit (dauerhaft oder aufgrund einer Atemwegserkrankung) verwenden. Lassen Sie die Person nicht unbeaufsichtigt. Es besteht die Gefahr des Erstickens. Beachten Sie <a href=\"https:\/\/test.redpipi.com\/de\/bondage-tips\/\">Lektionen zur Sicherheit beim BDSM-Sexspiel<\/a>.<\/p>\n<p>Ziehen Sie den Knebel nicht ganz fest! Der Knebel wird die Atmung durch Mund und Nase behindern.<\/p>\n<p>Silikon kann sicher durch Auskochen sterilisiert werden. Normales Waschen ist jedoch ausreichend. Es k\u00f6nnen alle Arten von Gleitmitteln verwendet werden.<\/p>","protected":false},"excerpt":{"rendered":"<p>Massiver W\u00fcrgeknebel in Form eines realistischen Penis<\/p>","protected":false},"featured_media":148605,"comment_status":"open","ping_status":"closed","template":"","meta":[],"product_brand":[],"product_cat":[642,305],"product_tag":[],"class_list":{"0":"post-148602","1":"product","2":"type-product","3":"status-publish","4":"has-post-thumbnail","6":"product_cat-mekke-dilda","7":"product_cat-roubiky","8":"pa_brand-faak","9":"pa_diametr-41-50mm","10":"pa_diametr-51-60mm","11":"pa_hardness-mekke-jako-sval-10-20hc","12":"pa_material-silicone-liquid","14":"first","15":"instock","16":"shipping-taxable","17":"purchasable","18":"product-type-variable"},"_links":{"self":[{"href":"https:\/\/test.redpipi.com\/de\/wp-json\/wp\/v2\/product\/148602","targetHints":{"allow":["GET"]}}],"collection":[{"href":"https:\/\/test.redpipi.com\/de\/wp-json\/wp\/v2\/product"}],"about":[{"href":"https:\/\/test.redpipi.com\/de\/wp-json\/wp\/v2\/types\/product"}],"replies":[{"embeddable":true,"href":"https:\/\/test.redpipi.com\/de\/wp-json\/wp\/v2\/comments?post=148602"}],"wp:featuredmedia":[{"embeddable":true,"href":"https:\/\/test.redpipi.com\/de\/wp-json\/wp\/v2\/media\/148605"}],"wp:attachment":[{"href":"https:\/\/test.redpipi.com\/de\/wp-json\/wp\/v2\/media?parent=148602"}],"wp:term":[{"taxonomy":"product_brand","embeddable":true,"href":"https:\/\/test.redpipi.com\/de\/wp-json\/wp\/v2\/product_brand?post=148602"},{"taxonomy":"product_cat","embeddable":true,"href":"https:\/\/test.redpipi.com\/de\/wp-json\/wp\/v2\/product_cat?post=148602"},{"taxonomy":"product_tag","embeddable":true,"href":"https:\/\/test.redpipi.com\/de\/wp-json\/wp\/v2\/product_tag?post=148602"}],"curies":[{"name":"wp","href":"https:\/\/api.w.org\/{rel}","templated":true}]}}