{"id":148569,"date":"2024-11-03T10:18:34","date_gmt":"2024-11-03T09:18:34","guid":{"rendered":"https:\/\/test.redpipi.com\/?post_type=product&#038;p=148569"},"modified":"2026-01-30T19:49:14","modified_gmt":"2026-01-30T18:49:14","slug":"longer-cock-penis-nastavec-otevreny-zalud-faak-5021","status":"publish","type":"product","link":"https:\/\/test.redpipi.com\/de\/produkt\/longer-cock-penis-nastavec-otevreny-zalud-faak-5021\/","title":{"rendered":"L\u00e4ngerer Cock Penisaufsatz offene Eichel Faak 5021XL 18* 5,8 cm"},"content":{"rendered":"<p>Realistische Penisverl\u00e4ngerung mit freiliegender Eichel.<\/p>\n<p>Erm\u00f6glicht intensive Dehnungen bei voller Sensibilit\u00e4t.<\/p>\n<p>Uni-Gr\u00f6\u00dfe: Passt problemlos auf einen 5 cm dicken Penis oder dicker und alle m\u00e4nnlichen Hoden.<\/p>\n<p><a href=\"\/wp-content\/uploads\/2025\/09\/penis-sleeve-OS-ADL5021-faak-all-sizes-video.mp4\">Video Realistischer Penisverl\u00e4ngerer L\u00e4nger<\/a> 3MB (Gr\u00f6\u00dfe L ist die zweite von links)<\/p>\n<p>&nbsp;<\/p>\n<h2>Von Redpipi-Tests<\/h2>\n<p>Im Gegensatz zu vielen anderen funktioniert die Penish\u00fclle nicht nur sehr gut, sondern ideal. Sie dehnt die Vagina, sodass diese auch nach dem Sex offen bleibt. F\u00fchrt man den Penis dann ohne H\u00fclle in die Vagina ein, sp\u00fcrt man, wie sich das lockere Vaginalgewebe angenehm um ihn schmiegt.<\/p>\n<p>+ Das offene Oberteil l\u00e4sst die Eichel des Penis frei - frei. Dadurch bleibt die Sensibilit\u00e4t des Penis nahezu vollst\u00e4ndig erhalten und erm\u00f6glicht auch die Anpassung von unbegrenzt langen Penissen.<\/p>\n<p>+ Realistisches und praktisches Design. Wenn Sie den Penis eines Mannes beim Sex im Extender betrachten, passt er sich sowohl optisch als auch von der Kr\u00fcmmung her nat\u00fcrlich dem Extender an.<\/p>\n<p>+ Gut f\u00fcr das nat\u00fcrliche Training vor der Geburt.<\/p>\n<p>Der Hodengurt h\u00e4lt den Penis sch\u00f6n am K\u00f6rper.<\/p>\n<p>&nbsp;<\/p>\n<p><strong>Fazit:<\/strong> Wirklich solide und im Gegensatz zu anderen gro\u00dfen Qualit\u00e4t F\u00e4llen, weich genug mit einem guten Design. Sie werden diese m\u00f6gen.<\/p>\n<p>&nbsp;<\/p>\n<h2><strong>Anweisungen<\/strong><\/h2>\n<p>Schmieren Sie die Aufs\u00e4tze vor dem Gebrauch immer gut von au\u00dfen und innen ein. Lassen Sie den Hodengurt nicht l\u00e4nger als ein paar Dutzend Minuten an und entfernen Sie ihn sofort, wenn Schmerzen oder Taubheit auftreten.<\/p>\n<p>&nbsp;<\/p>\n<h2>Technische Merkmale<strong><br \/>\n<\/strong><\/h2>\n<p>18* 5,8 cm, Innendurchmesser 2,8 cm, innen bis zu 6 cm Durchmesser erweiterbar, (XL-Variante, erste von links), Best.-Nr. ADL5021XL<\/p>\n<p>Material: hochelastisch weich <a href=\"https:\/\/test.redpipi.com\/de\/sex-toys-materials\/\">Fl\u00fcssigsilikon<\/a><\/p>\n<p><a href=\"https:\/\/test.redpipi.com\/de\/mekke-dilda-mekkost-dild\/\">ideale H\u00e4rte<\/a>7 H0 (%) - wirkt wie menschliches Gewebe im K\u00f6rper<\/p>\n<p>Gewicht: 325g<\/p>\n<p>Hersteller Faak, CE zertifiziert<\/p>\n<p>&nbsp;<\/p>\n<h2>Farben<\/h2>\n<p>Vollfarbiges Silikon. Es handelt sich nicht um eine Oberfl\u00e4chenf\u00e4rbung. Die Farbe kann nicht abgewaschen oder abgerieben werden. Die Farben sind satt und bildgetreu.<\/p>","protected":false},"excerpt":{"rendered":"<p>Realistische lange Penisverl\u00e4ngerung offene Eichel<\/p>","protected":false},"featured_media":148585,"comment_status":"open","ping_status":"closed","template":"","meta":[],"product_brand":[],"product_cat":[55,107],"product_tag":[],"class_list":{"0":"post-148569","1":"product","2":"type-product","3":"status-publish","4":"has-post-thumbnail","6":"product_cat-erekcni-krouky","7":"product_cat-penis-nastavce","8":"pa_brand-faak","9":"pa_diametr-51-60mm","10":"pa_hardness-mekke-ideal-5-10hc","11":"pa_material-silicone-liquid","13":"first","14":"outofstock","15":"shipping-taxable","16":"purchasable","17":"product-type-simple"},"_links":{"self":[{"href":"https:\/\/test.redpipi.com\/de\/wp-json\/wp\/v2\/product\/148569","targetHints":{"allow":["GET"]}}],"collection":[{"href":"https:\/\/test.redpipi.com\/de\/wp-json\/wp\/v2\/product"}],"about":[{"href":"https:\/\/test.redpipi.com\/de\/wp-json\/wp\/v2\/types\/product"}],"replies":[{"embeddable":true,"href":"https:\/\/test.redpipi.com\/de\/wp-json\/wp\/v2\/comments?post=148569"}],"wp:featuredmedia":[{"embeddable":true,"href":"https:\/\/test.redpipi.com\/de\/wp-json\/wp\/v2\/media\/148585"}],"wp:attachment":[{"href":"https:\/\/test.redpipi.com\/de\/wp-json\/wp\/v2\/media?parent=148569"}],"wp:term":[{"taxonomy":"product_brand","embeddable":true,"href":"https:\/\/test.redpipi.com\/de\/wp-json\/wp\/v2\/product_brand?post=148569"},{"taxonomy":"product_cat","embeddable":true,"href":"https:\/\/test.redpipi.com\/de\/wp-json\/wp\/v2\/product_cat?post=148569"},{"taxonomy":"product_tag","embeddable":true,"href":"https:\/\/test.redpipi.com\/de\/wp-json\/wp\/v2\/product_tag?post=148569"}],"curies":[{"name":"wp","href":"https:\/\/api.w.org\/{rel}","templated":true}]}}