{"id":148546,"date":"2024-10-30T10:03:08","date_gmt":"2024-10-30T09:03:08","guid":{"rendered":"https:\/\/test.redpipi.com\/?post_type=product&#038;p=148546"},"modified":"2026-01-30T19:50:56","modified_gmt":"2026-01-30T18:50:56","slug":"bigger-cock-realisticky-penis-nastavec-otevreny-zalud-faak","status":"publish","type":"product","link":"https:\/\/test.redpipi.com\/de\/produkt\/bigger-cock-realisticky-penis-nastavec-otevreny-zalud-faak\/","title":{"rendered":"Gr\u00f6\u00dferer Schwanz Realistischer Penis Extender Offene Eichel Faak 14,5*6,1 cm G1325M"},"content":{"rendered":"<p>Realistische Penisverl\u00e4ngerung mit freiliegender Eichel und Vorhaut.<\/p>\n<p>Erm\u00f6glicht intensive Dehnungen bei voller Sensibilit\u00e4t.<\/p>\n<p>Uni-Gr\u00f6\u00dfe: Passt problemlos auf einen 5 cm dicken Penis oder dicker und alle m\u00e4nnlichen Hoden.<\/p>\n<p><a href=\"\/wp-content\/uploads\/2025\/09\/penis-nastavec-G1325M.mp4\">Video Realistic Penis Extender Bigger<\/a> 26MB<\/p>\n<p>&nbsp;<\/p>\n<h2>Test des Penisverl\u00e4ngerers \u201eBigger Cock\u201c<\/h2>\n<p>Die Penish\u00fclle funktioniert im Gegensatz zu vielen anderen nicht nur sehr gut, sondern geradezu ideal. Sie dehnt die Muschi so, dass sie auch nach dem Sex offen bleibt. Wenn du den Penis anschlie\u00dfend ohne Scheide einf\u00fchrst, sp\u00fcrst du, wie sich das lockere Scheidengewebe angenehm um ihn herumrollt.<\/p>\n<p>Was macht diesen Penisverl\u00e4ngerer einzigartig?<\/p>\n<p>1. das offene Oberteil l\u00e4sst die Eichel des Penis frei - frei. Dadurch bleibt die Sensibilit\u00e4t des Penis nahezu vollst\u00e4ndig erhalten und erm\u00f6glicht auch die Anpassung von unbegrenzt langen Penissen.<\/p>\n<p>2. Die gr\u00f6\u00dfte Verl\u00e4ngerung befindet sich in der Mitte. Das bedeutet, dass der breiteste Teil in das Innere der Vagina eindringt, im Gegensatz zu vielen \u00e4hnlichen Verl\u00e4ngerungen mit einer Verl\u00e4ngerung an der Wurzel. Die Vagina dehnt sich um die Mitte herum aus und zieht sich zusammen, was die Vagina massiert und der Frau Vergn\u00fcgen bereitet. F\u00fcr die Frau bedeutet dies letztlich eine intensivere Dehnung und mehr Sex. Folglich ist die Partnerin begieriger auf Orgasmus und Fisting. Herk\u00f6mmliche Penisverl\u00e4ngerungen, die \u00fcber die gesamte L\u00e4nge gleich breit sind, k\u00f6nnen dagegen f\u00fcr manche Frauen \u00fcberm\u00e4\u00dfig bis schmerzhaft anstrengend sein. Oder sie sind nicht stark genug.<\/p>\n<p>3. Hier haben sie es geschafft, eine gro\u00dfe Dicke auszubalancieren, die immer noch ohne Probleme in die Vagina eindringt. Eine dickere H\u00fclse w\u00fcrde unserer Erfahrung nach einfach nach au\u00dfen rollen.<\/p>\n<p>Sch\u00f6nes und praktisches Design. Wenn man den Penis eines Mannes im Extender beim Sex betrachtet, passt er sich nat\u00fcrlich optisch und in seiner Kr\u00fcmmung dem Extender an.<\/p>\n<p>Gut f\u00fcr das nat\u00fcrliche Training vor der Geburt.<\/p>\n<p>Der Hodengurt h\u00e4lt den Penis sch\u00f6n am K\u00f6rper.<\/p>\n<p>&nbsp;<\/p>\n<p>Fazit: ausgezeichnet<\/p>\n<p>&nbsp;<\/p>\n<h2><strong>Anweisungen<\/strong><\/h2>\n<p>Schmieren Sie die Aufs\u00e4tze vor dem Gebrauch immer gut von au\u00dfen und innen ein. Lassen Sie den Hodengurt nicht l\u00e4nger als ein paar Dutzend Minuten an und entfernen Sie ihn sofort, wenn Schmerzen oder Taubheit auftreten.<\/p>\n<p>&nbsp;<\/p>\n<h2>Technische Merkmale<strong><br \/>\n<\/strong><\/h2>\n<p>14,5*6,1 cm, Innendurchmesser 2,8 cm, kann auf 6 cm Durchmesser erweitert werden<\/p>\n<p>Material: hochelastisch weich <a href=\"https:\/\/test.redpipi.com\/de\/sex-toys-materials\/\">Fl\u00fcssigsilikon<\/a><\/p>\n<p><a href=\"https:\/\/test.redpipi.com\/de\/mekke-dilda-mekkost-dild\/\">ideale H\u00e4rte<\/a>7 H0 (%) - wirkt wie menschliches Gewebe im K\u00f6rper<\/p>\n<p>Gewicht: 247g<\/p>\n<p>Hersteller Faak, CE zertifiziert, Seriennummer G1325M<\/p>\n<p>&nbsp;<\/p>\n<h2>Farben<\/h2>\n<p>Vollfarbiges Silikon. Es handelt sich nicht um eine Oberfl\u00e4chenf\u00e4rbung. Die Farbe kann nicht abgewaschen oder abgerieben werden. Die Farben sind satt und bildgetreu.<\/p>","protected":false},"excerpt":{"rendered":"<p>Realistische Penisverl\u00e4ngerung Bigger open<\/p>","protected":false},"featured_media":148552,"comment_status":"open","ping_status":"closed","template":"","meta":[],"product_brand":[],"product_cat":[55,107],"product_tag":[],"class_list":{"0":"post-148546","1":"product","2":"type-product","3":"status-publish","4":"has-post-thumbnail","6":"product_cat-erekcni-krouky","7":"product_cat-penis-nastavce","8":"pa_brand-faak","9":"pa_diametr-41-50mm","10":"pa_diametr-61-120mm","11":"pa_hardness-mekke-ideal-5-10hc","12":"pa_material-silicone-liquid","14":"first","15":"outofstock","16":"shipping-taxable","17":"purchasable","18":"product-type-simple"},"_links":{"self":[{"href":"https:\/\/test.redpipi.com\/de\/wp-json\/wp\/v2\/product\/148546","targetHints":{"allow":["GET"]}}],"collection":[{"href":"https:\/\/test.redpipi.com\/de\/wp-json\/wp\/v2\/product"}],"about":[{"href":"https:\/\/test.redpipi.com\/de\/wp-json\/wp\/v2\/types\/product"}],"replies":[{"embeddable":true,"href":"https:\/\/test.redpipi.com\/de\/wp-json\/wp\/v2\/comments?post=148546"}],"wp:featuredmedia":[{"embeddable":true,"href":"https:\/\/test.redpipi.com\/de\/wp-json\/wp\/v2\/media\/148552"}],"wp:attachment":[{"href":"https:\/\/test.redpipi.com\/de\/wp-json\/wp\/v2\/media?parent=148546"}],"wp:term":[{"taxonomy":"product_brand","embeddable":true,"href":"https:\/\/test.redpipi.com\/de\/wp-json\/wp\/v2\/product_brand?post=148546"},{"taxonomy":"product_cat","embeddable":true,"href":"https:\/\/test.redpipi.com\/de\/wp-json\/wp\/v2\/product_cat?post=148546"},{"taxonomy":"product_tag","embeddable":true,"href":"https:\/\/test.redpipi.com\/de\/wp-json\/wp\/v2\/product_tag?post=148546"}],"curies":[{"name":"wp","href":"https:\/\/api.w.org\/{rel}","templated":true}]}}