{"id":148536,"date":"2025-10-30T09:56:15","date_gmt":"2025-10-30T08:56:15","guid":{"rendered":"https:\/\/test.redpipi.com\/?post_type=product&#038;p=148536"},"modified":"2026-04-21T21:46:09","modified_gmt":"2026-04-21T20:46:09","slug":"realisticky-penis-nastavec-predkozka-otevreny-zalud-faak","status":"publish","type":"product","link":"https:\/\/test.redpipi.com\/de\/produkt\/realisticky-penis-nastavec-predkozka-otevreny-zalud-faak\/","title":{"rendered":"Faak G1322M 14,8* 5,2 cm Realistische Penisverl\u00e4ngerung Vorhaut offene Eichel"},"content":{"rendered":"<p>Realistische Penisverl\u00e4ngerung mit freiliegender Eichel und Vorhaut.<\/p>\n<p>Erm\u00f6glicht intensive Dehnungen bei voller Sensibilit\u00e4t.<\/p>\n<p>Uni-Gr\u00f6\u00dfe: Passt problemlos auf einen 5 cm dicken Penis oder dicker und alle m\u00e4nnlichen Hoden.<\/p>\n<p>Video <a href=\"\/wp-content\/uploads\/2025\/09\/penis-sleeveFAAK-G1322M.mp4\">Realistische Penisvorhautverl\u00e4ngerung<\/a> 20MB<\/p>\n<p>&nbsp;<\/p>\n<h2>Vom Testen der Redpipi Penish\u00fclle<\/h2>\n<p>Die Penish\u00fclle funktioniert im Gegensatz zu vielen anderen nicht nur sehr gut, sondern geradezu ideal. Sie dehnt die Muschi so, dass sie auch nach dem Sex offen bleibt. Wenn du den Penis anschlie\u00dfend ohne Scheide einf\u00fchrst, sp\u00fcrst du, wie sich das lockere Scheidengewebe angenehm um ihn herumrollt.<\/p>\n<p>Was macht diesen Penisverl\u00e4ngerer einzigartig?<\/p>\n<p>Sie l\u00e4sst die offene Spitze frei - die freie Eichel des Penis. Dadurch bleibt die Sensibilit\u00e4t des Penis nahezu vollst\u00e4ndig erhalten und auch unbegrenzt lange Penisse k\u00f6nnen angepasst werden.<\/p>\n<p>Sch\u00f6nes und praktisches Design. Wenn man den Penis eines Mannes im Extender beim Sex betrachtet, passt er sich nat\u00fcrlich optisch und in seiner Kr\u00fcmmung dem Extender an.<\/p>\n<p>Gut f\u00fcr das nat\u00fcrliche Training vor der Geburt.<\/p>\n<p>Der Hodengurt h\u00e4lt den Penis sch\u00f6n am K\u00f6rper.<\/p>\n<p>Interessante Art von perversem Altherren-Design und Form.<\/p>\n<p>&nbsp;<\/p>\n<p>Fazit: Die Penish\u00fclle ist in jeder Hinsicht witzig.<\/p>\n<p>&nbsp;<\/p>\n<p>&nbsp;<\/p>\n<h2><strong>Anweisungen<\/strong><\/h2>\n<p>Schmieren Sie die Aufs\u00e4tze vor dem Gebrauch immer gut von au\u00dfen und innen ein. Lassen Sie den Hodengurt nicht l\u00e4nger als ein paar Dutzend Minuten an und entfernen Sie ihn sofort, wenn Schmerzen oder Taubheit auftreten.<\/p>\n<p>&nbsp;<\/p>\n<h2>Technische Merkmale<strong><br \/>\n<\/strong><\/h2>\n<p>14,8* 5,2 cm, Innendurchmesser 3,2 cm, der Innenraum kann bis auf 6 cm Durchmesser erweitert werden<\/p>\n<p>Material: hochelastisch weich <a href=\"https:\/\/test.redpipi.com\/de\/sex-toys-materials\/\">Fl\u00fcssigsilikon<\/a><\/p>\n<p><a href=\"https:\/\/test.redpipi.com\/de\/mekke-dilda-mekkost-dild\/\">ideale H\u00e4rte<\/a>7 H0 (%) - wirkt wie menschliches Gewebe im K\u00f6rper<\/p>\n<p>Gewicht: 193 g<\/p>\n<p>Hersteller Faak, CE zertifiziert, Seriennummer G1322M<\/p>\n<p>&nbsp;<\/p>\n<h2>Farben<\/h2>\n<p>Vollfarbiges Silikon. Es handelt sich nicht um eine Oberfl\u00e4chenf\u00e4rbung. Die Farbe kann nicht abgewaschen oder abgerieben werden. Die Farben sind satt und bildgetreu.<\/p>","protected":false},"excerpt":{"rendered":"<p>Realistischer Penisverl\u00e4ngerer mit offener Vorhaut<\/p>","protected":false},"featured_media":148539,"comment_status":"open","ping_status":"closed","template":"","meta":[],"product_brand":[],"product_cat":[55,107],"product_tag":[],"class_list":{"0":"post-148536","1":"product","2":"type-product","3":"status-publish","4":"has-post-thumbnail","6":"product_cat-erekcni-krouky","7":"product_cat-penis-nastavce","8":"pa_brand-faak","9":"pa_diametr-41-50mm","10":"pa_hardness-mekke-ideal-5-10hc","11":"pa_material-silicone-liquid","13":"first","14":"outofstock","15":"shipping-taxable","16":"purchasable","17":"product-type-simple"},"_links":{"self":[{"href":"https:\/\/test.redpipi.com\/de\/wp-json\/wp\/v2\/product\/148536","targetHints":{"allow":["GET"]}}],"collection":[{"href":"https:\/\/test.redpipi.com\/de\/wp-json\/wp\/v2\/product"}],"about":[{"href":"https:\/\/test.redpipi.com\/de\/wp-json\/wp\/v2\/types\/product"}],"replies":[{"embeddable":true,"href":"https:\/\/test.redpipi.com\/de\/wp-json\/wp\/v2\/comments?post=148536"}],"wp:featuredmedia":[{"embeddable":true,"href":"https:\/\/test.redpipi.com\/de\/wp-json\/wp\/v2\/media\/148539"}],"wp:attachment":[{"href":"https:\/\/test.redpipi.com\/de\/wp-json\/wp\/v2\/media?parent=148536"}],"wp:term":[{"taxonomy":"product_brand","embeddable":true,"href":"https:\/\/test.redpipi.com\/de\/wp-json\/wp\/v2\/product_brand?post=148536"},{"taxonomy":"product_cat","embeddable":true,"href":"https:\/\/test.redpipi.com\/de\/wp-json\/wp\/v2\/product_cat?post=148536"},{"taxonomy":"product_tag","embeddable":true,"href":"https:\/\/test.redpipi.com\/de\/wp-json\/wp\/v2\/product_tag?post=148536"}],"curies":[{"name":"wp","href":"https:\/\/api.w.org\/{rel}","templated":true}]}}